{"id":2153,"date":"2016-12-28T15:56:28","date_gmt":"2016-12-28T19:56:28","guid":{"rendered":"http:\/\/www.papaworx.com\/Book\/?page_id=2153"},"modified":"2016-12-28T15:56:28","modified_gmt":"2016-12-28T19:56:28","slug":"13-3","status":"publish","type":"page","link":"https:\/\/www.stuehlingen.online\/Book\/?page_id=2153","title":{"rendered":"13-3"},"content":{"rendered":"<h1 class=\"Table_20_of_20_Authorities\"><span style=\"font-size: 18pt;\">Bibliography<\/span><\/h1>\n<div class=\"Sect1\" id=\"Section1\">\n<p class=\"Bibliography_20_1\">\t\t\tBrandeck, Hans. &#8220;Geschichte der Stadt und der\t\t\t\tvormaligen Landgrafschaft St\u00fchlingen.&#8221; St\u00fchlingen: Verlag der\t\t\tStadtgemeinde St\u00fchlingen, 1927.\t\t<\/p>\n<p class=\"Bibliography_20_1\">\t\t\tBullough, Bonnie. \u201cAlienation in the Ghetto.\u201d American\t\t\t\tJournal of Sociology 72\/5.\t\t\t(1967): 469\u201378.\t\t<\/p>\n<p class=\"Bibliography_20_1\">\t\t\tDean, Dwight G. \u201cAlienation: Its Meaning and Measurement.\u201d American Sociological Review 26\/5(1961): 753\u20138.\t\t<\/p>\n<p class=\"Bibliography_20_1\">\t\t\tElon, Amos. &#8220;The Pity of It All: A Portrait of\t\t\t\tJews in Germany 1743\u20131933.&#8221; New York: Metropolitan Books Henri Holt\t\t\tand Co., 2002.\t\t<\/p>\n<p class=\"Bibliography_20_1\">\t\t\tKatz, Jacob. &#8220;Tradition and Crisis: Jewish\t\t\t\tSociety at the End of the Middle Ages.&#8221; Syracuse, NY: Syracuse\t\t\tUniversity Press, 2000.\t\t<\/p>\n<p class=\"Bibliography_20_1\">\t\t\tOlsen, Marvin E. \u201cDurkheim\u2019s Two Concepts of Anomie.\u201d The Sociological Quarterly 6\/1 (1965): 37\u201344.\t\t<\/p>\n<p class=\"Bibliography_20_1\">\t\t\tZoghbi-Manrique-de-Lara, Pablo, and Santiago Meli\u00e1n-Gonz\u00e1lez. \u201cThe\t\t\tRole of Anomia on the Relationship between Organisational Justice\t\t\tPerceptions and Organisational Citizenship Online Behaviours.\u201d Journal of Information, Communication &#038; Ethics\t\t\t\tin Society7\/1\t\t\t(2009): 72\u201385.\t\t<\/p>\n","protected":false},"excerpt":{"rendered":"<p>Bibliography Brandeck, Hans. &#8220;Geschichte der Stadt und der vormaligen Landgrafschaft St\u00fchlingen.&#8221; St\u00fchlingen: Verlag der Stadtgemeinde St\u00fchlingen, 1927. Bullough, Bonnie. \u201cAlienation in the Ghetto.\u201d American Journal of Sociology 72\/5. (1967): 469\u201378. Dean, Dwight G. \u201cAlienation: Its Meaning and Measurement.\u201d American Sociological Review 26\/5(1961): 753\u20138. Elon, Amos. &#8220;The Pity of It All: A Portrait of Jews in [&hellip;]<\/p>\n","protected":false},"author":11,"featured_media":0,"parent":2139,"menu_order":193,"comment_status":"open","ping_status":"closed","template":"new_page.php","meta":{"footnotes":""},"_links":{"self":[{"href":"https:\/\/www.stuehlingen.online\/Book\/index.php?rest_route=\/wp\/v2\/pages\/2153"}],"collection":[{"href":"https:\/\/www.stuehlingen.online\/Book\/index.php?rest_route=\/wp\/v2\/pages"}],"about":[{"href":"https:\/\/www.stuehlingen.online\/Book\/index.php?rest_route=\/wp\/v2\/types\/page"}],"author":[{"embeddable":true,"href":"https:\/\/www.stuehlingen.online\/Book\/index.php?rest_route=\/wp\/v2\/users\/11"}],"replies":[{"embeddable":true,"href":"https:\/\/www.stuehlingen.online\/Book\/index.php?rest_route=%2Fwp%2Fv2%2Fcomments&post=2153"}],"version-history":[{"count":0,"href":"https:\/\/www.stuehlingen.online\/Book\/index.php?rest_route=\/wp\/v2\/pages\/2153\/revisions"}],"up":[{"embeddable":true,"href":"https:\/\/www.stuehlingen.online\/Book\/index.php?rest_route=\/wp\/v2\/pages\/2139"}],"wp:attachment":[{"href":"https:\/\/www.stuehlingen.online\/Book\/index.php?rest_route=%2Fwp%2Fv2%2Fmedia&parent=2153"}],"curies":[{"name":"wp","href":"https:\/\/api.w.org\/{rel}","templated":true}]}}