{"id":2120,"date":"2016-12-28T14:18:58","date_gmt":"2016-12-28T18:18:58","guid":{"rendered":"http:\/\/www.papaworx.com\/Book\/?page_id=2120"},"modified":"2016-12-28T14:18:58","modified_gmt":"2016-12-28T18:18:58","slug":"12-5","status":"publish","type":"page","link":"https:\/\/www.stuehlingen.online\/Book\/?page_id=2120","title":{"rendered":"12-5"},"content":{"rendered":"<h1 class=\"Table_20_of_20_Authorities\"><span style=\"font-size: 18pt;\">Bibliography<\/span><\/h1>\n<p class=\"Bibliography_20_1\">FFA (<em>F\u00fcrstlich F\u00fcrstenbergisches Archiv). &#8220;Judenakte. Politica.&#8221;<\/em> Princely F\u00fcrstenberg Archives, Donaueschingen.<\/p>\n<p class=\"Bibliography_20_1\">Glanz, Rudolf. &#8220;<em>Geschichte des niederen j\u00fcdischen Volkes in Deutschland: Eine Studie \u00fcber historisches Gaunertum, Bettelwesen und Vagantentum&#8221;<\/em>. New York: Leo Baeck Intitute, 1968.<\/p>\n<p class=\"Bibliography_20_1\">Hippel, Wolfgang von. &#8220;<em>Armut, Unterschichten, Randgruppen in der Fr\u00fchen Neuzeit&#8221;. Enzyklop\u00e4die deutscher Geschichte<\/em>, 34. Munich: Oldenbourg, 2013.<\/p>\n<p class=\"Bibliography_20_1\">Kanarfogel, Ephraim. &#8220;Jewish Education and Society in the High Middle Ages&#8221;. Detroit: Wayne State University Press, 2008.<\/p>\n<p class=\"Bibliography_20_1\">Miethke, J\u00fcrgen. \u201c<em>Die Studenten.\u201d In Unterwegssein im Sp\u00e4tmittelalter Zeitschrift f\u00fcr historische Forschung<\/em> 1, 49\u201370. Berlin: Duncker &amp; Humblot, 1985.<\/p>\n<p class=\"Bibliography_20_1\">Rosenthal, Berthold. &#8220;<em>Heimatgeschichte der badischen Juden: Seit ihrem geschichtlichen Auftreten bis zur Gegenwart<\/em>&#8220;. B\u00fchl\/Baden: Konkordia AG f\u00fcr Druck und Verlag, 1927.<\/p>\n<p class=\"Bibliography_20_1\">Schapiro, Shifra. \u201cYeast and the <em>Yeitzer Hara<\/em>: The Biology beneath the Symbolism.\u201d <em>Derech HaTeva<\/em>: A Journal of Torah and Science 1 (1997): 15\u201317.<\/p>\n<p class=\"Bibliography_20_1\">Schwinges, Rainer Christoph. &#8220;<em>Studenten und Gelehrte: Studien zur Sozial- und Kulturgeschichte Deutscher Universit\u00e4ten im Mittelalter<\/em>&#8220;. Leiden: Brill, 2008.<\/p>\n<p class=\"Bibliography_20_1\">Ullmann, Sabine. &#8220;<em>Nachbarschaft und Konkurrenz: Juden und Christen in D\u00f6rfern der Markgrafschaft Burgau 1650\u20131750<\/em>&#8220;. G\u00f6ttingen: Vandenhoeck &amp; Ruprecht, 1999.<\/p>\n<p class=\"Bibliography_20_1\"><span class=\"T5\">Wikipedia<\/span>. \u201cRotwelsch.\u201d Accessed Dec. 28 2016. <a href=\"https:\/\/en.wikipedia.org\/wiki\/Rotwelsch\">https:\/\/en.wikipedia.org\/wiki\/Rotwelsch<\/a>.<\/p>\n<p class=\"Bibliography_20_1\">Wolf, Alfred. \u201cThe First Pinkes of Heidingsfeld.\u201d Hebrew Union College Annual (1944): 247\u201378.<\/p>\n","protected":false},"excerpt":{"rendered":"<p>Bibliography FFA (F\u00fcrstlich F\u00fcrstenbergisches Archiv). &#8220;Judenakte. Politica.&#8221; Princely F\u00fcrstenberg Archives, Donaueschingen. Glanz, Rudolf. &#8220;Geschichte des niederen j\u00fcdischen Volkes in Deutschland: Eine Studie \u00fcber historisches Gaunertum, Bettelwesen und Vagantentum&#8221;. New York: Leo Baeck Intitute, 1968. Hippel, Wolfgang von. &#8220;Armut, Unterschichten, Randgruppen in der Fr\u00fchen Neuzeit&#8221;. Enzyklop\u00e4die deutscher Geschichte, 34. Munich: Oldenbourg, 2013. Kanarfogel, Ephraim. &#8220;Jewish Education [&hellip;]<\/p>\n","protected":false},"author":11,"featured_media":0,"parent":2080,"menu_order":185,"comment_status":"open","ping_status":"closed","template":"new_page.php","meta":{"footnotes":""},"_links":{"self":[{"href":"https:\/\/www.stuehlingen.online\/Book\/index.php?rest_route=\/wp\/v2\/pages\/2120"}],"collection":[{"href":"https:\/\/www.stuehlingen.online\/Book\/index.php?rest_route=\/wp\/v2\/pages"}],"about":[{"href":"https:\/\/www.stuehlingen.online\/Book\/index.php?rest_route=\/wp\/v2\/types\/page"}],"author":[{"embeddable":true,"href":"https:\/\/www.stuehlingen.online\/Book\/index.php?rest_route=\/wp\/v2\/users\/11"}],"replies":[{"embeddable":true,"href":"https:\/\/www.stuehlingen.online\/Book\/index.php?rest_route=%2Fwp%2Fv2%2Fcomments&post=2120"}],"version-history":[{"count":0,"href":"https:\/\/www.stuehlingen.online\/Book\/index.php?rest_route=\/wp\/v2\/pages\/2120\/revisions"}],"up":[{"embeddable":true,"href":"https:\/\/www.stuehlingen.online\/Book\/index.php?rest_route=\/wp\/v2\/pages\/2080"}],"wp:attachment":[{"href":"https:\/\/www.stuehlingen.online\/Book\/index.php?rest_route=%2Fwp%2Fv2%2Fmedia&parent=2120"}],"curies":[{"name":"wp","href":"https:\/\/api.w.org\/{rel}","templated":true}]}}