{"id":2051,"date":"2016-12-28T10:11:00","date_gmt":"2016-12-28T14:11:00","guid":{"rendered":"http:\/\/www.papaworx.com\/Book\/?page_id=2051"},"modified":"2016-12-28T10:11:00","modified_gmt":"2016-12-28T14:11:00","slug":"11-5","status":"publish","type":"page","link":"https:\/\/www.stuehlingen.online\/Book\/?page_id=2051","title":{"rendered":"11-5"},"content":{"rendered":"<h1 class=\"Table_20_of_20_Authorities\"><span style=\"font-size: 18pt;\">Bibliography<\/span><\/h1>\n<p class=\"Bibliography_20_1\">Brandeck, Hans. &#8220;<em>Geschichte der Stadt und der vormaligen Landgrafschaft St\u00fchlingen<\/em>&#8220;. St\u00fchlingen: <em>Verlag der Stadtgemeinde St\u00fchlingen<\/em>, 1927.<\/p>\n<p class=\"Bibliography_20_1\"><em>Grimm, Jacob, Wilhelm Grimm, Preussische Akademie der Wissenschaften, and Deutsche Akademie der Wissenschaften zu Berlin. &#8220;<a href=\"http:\/\/woerterbuchnetz.de\/DWB\/\">Deutsches W\u00f6rterbuch&#8221;<\/a><\/em>. Leipzig: S. Hirzel, 1854.<\/p>\n<p class=\"Bibliography_20_1\">&#8220;<em>Schweizerisches Idiotikon&#8221; [Schweizerdeutsches W\u00f6rterbuch<\/em>:] digital. Accessed Dec. 28 2016, <a href=\"https:\/\/www.idiotikon.ch\/online-woerterbuch\">https:\/\/www.idiotikon.ch\/online-woerterbuch<\/a><\/p>\n","protected":false},"excerpt":{"rendered":"<p>Bibliography Brandeck, Hans. &#8220;Geschichte der Stadt und der vormaligen Landgrafschaft St\u00fchlingen&#8220;. St\u00fchlingen: Verlag der Stadtgemeinde St\u00fchlingen, 1927. Grimm, Jacob, Wilhelm Grimm, Preussische Akademie der Wissenschaften, and Deutsche Akademie der Wissenschaften zu Berlin. &#8220;Deutsches W\u00f6rterbuch&#8221;. Leipzig: S. Hirzel, 1854. &#8220;Schweizerisches Idiotikon&#8221; [Schweizerdeutsches W\u00f6rterbuch:] digital. Accessed Dec. 28 2016, https:\/\/www.idiotikon.ch\/online-woerterbuch<\/p>\n","protected":false},"author":11,"featured_media":0,"parent":2026,"menu_order":175,"comment_status":"closed","ping_status":"closed","template":"new_page.php","meta":{"footnotes":""},"_links":{"self":[{"href":"https:\/\/www.stuehlingen.online\/Book\/index.php?rest_route=\/wp\/v2\/pages\/2051"}],"collection":[{"href":"https:\/\/www.stuehlingen.online\/Book\/index.php?rest_route=\/wp\/v2\/pages"}],"about":[{"href":"https:\/\/www.stuehlingen.online\/Book\/index.php?rest_route=\/wp\/v2\/types\/page"}],"author":[{"embeddable":true,"href":"https:\/\/www.stuehlingen.online\/Book\/index.php?rest_route=\/wp\/v2\/users\/11"}],"replies":[{"embeddable":true,"href":"https:\/\/www.stuehlingen.online\/Book\/index.php?rest_route=%2Fwp%2Fv2%2Fcomments&post=2051"}],"version-history":[{"count":0,"href":"https:\/\/www.stuehlingen.online\/Book\/index.php?rest_route=\/wp\/v2\/pages\/2051\/revisions"}],"up":[{"embeddable":true,"href":"https:\/\/www.stuehlingen.online\/Book\/index.php?rest_route=\/wp\/v2\/pages\/2026"}],"wp:attachment":[{"href":"https:\/\/www.stuehlingen.online\/Book\/index.php?rest_route=%2Fwp%2Fv2%2Fmedia&parent=2051"}],"curies":[{"name":"wp","href":"https:\/\/api.w.org\/{rel}","templated":true}]}}