{"id":1819,"date":"2016-12-25T21:55:07","date_gmt":"2016-12-26T01:55:07","guid":{"rendered":"http:\/\/www.papaworx.com\/Book\/?page_id=1819"},"modified":"2017-01-17T18:58:58","modified_gmt":"2017-01-17T22:58:58","slug":"9-16","status":"publish","type":"page","link":"https:\/\/www.stuehlingen.online\/Book\/?page_id=1819","title":{"rendered":"9-16"},"content":{"rendered":"<h1 class=\"Table_20_of_20_Authorities\"><span style=\"font-size: 18pt;\">Bibliography<\/span><\/h1>\n<p class=\"Bibliography_20_1\">Baer, Fritz. &#8220;<em>Das Protokollbuch der Landjudenschaft des Herzogtums Kleve<\/em>&#8220;. Berlin: C. A. Schwetschke &amp; Sohn, 1922.<\/p>\n<p class=\"Bibliography_20_1\">Bell, Dean Phillip. &#8220;Jewish Identity in Early Modern Germany: Memory, Power and Community.&#8221; Aldershot: Ashgate, 2007.<\/p>\n<p class=\"Bibliography_20_1\">Berlin, Naphtali Zebi Judah. &#8220;<em>Responsa Meshiv Davar<\/em>&#8220;. Brooklyn: A. Kohn, 1894.<\/p>\n<p class=\"Bibliography_20_1\">BT. &#8220;Babylonian Talmud.&#8221; Vilnius: Romm, 1901.<\/p>\n<p class=\"Bibliography_20_1\">Buber, Martin. &#8220;Good and Evil.&#8221; New York: Charles Scribner\u2019s Sons, 1953.<\/p>\n<p class=\"Bibliography_20_1\"><span class=\"T5\">\u2014\u2014\u2014<\/span>. &#8220;I and Thou.&#8221; London: Bloomsbury Publishing PLC, 2013.<\/p>\n<p class=\"Bibliography_20_1\">Bujis, Joseph A. \u201cAttributes of Action in Maimonides.\u201d Vivarium 27\/2 (1989): 85\u2013102.<\/p>\n<p class=\"Bibliography_20_1\">Elbogen, Ismar. &#8220;<em>Der j\u00fcdische Gottesdienst in seiner geschichtlichen Entwicklung<\/em>.&#8221; Frankfurt am Main: J. Kaufmann Verlag, 1924.<\/p>\n<p class=\"Bibliography_20_1\">&#8220;Encyclopedia Britannica.&#8221; Chicago: Encyclopedia Britannica Inc., 1977.<\/p>\n<p class=\"Bibliography_20_1\">&#8220;Encyclopedia Judaica&#8221; Jerusalem, Keter Publish. 1972 <\/p>\n<p class=\"Bibliography_20_1\">FFA (F\u00fcrstlich F\u00fcrstenbergisches Archiv). &#8220;<em>Judenakte.<\/em>&#8221; n.d. Politica. Princely F\u00fcrstenberg Archives, Donaueschingen.<\/p>\n<p class=\"Bibliography_20_1\">Frauberger, Heinrich. \u201c<em>Ueber alte Kultusgegenst\u00e4nde in Synagoge und Haus.\u201d Mitteilungen der Gesellschaft zur Erforschung j\u00fcdischer Kunstdenkm\u00e4ler zu Frankfurt a. M<\/em>. 3\/4 (1903): 7 &#8211; 20.<\/p>\n<p class=\"Bibliography_20_1\"><span class=\"T5\">\u2014\u2014\u2014<\/span>. \u201c<em>Ueber Bau und Ausschm\u00fcckung alter Synagogen.\u201d Mitteilungen der Gesellschaft zur Erforschung j\u00fcdischer Kunstdenkm\u00e4ler zu Frankfurt a. M<\/em>.\u202f2 (October 1901): 27 &#8211; 43.<\/p>\n<p class=\"Bibliography_20_1\">Friedmann, Menachem. \u201cThe Changing Role of the Community Rabbinate.\u201d The Jerusalem Quarterly 25 (1982): 79\u201399.<\/p>\n<p class=\"Bibliography_20_1\">Grotte, Alfred. \u201c<em>Deutsche, b\u00f6hmische und polnische Synagogentypen vom XI. bis Anfang des XIX. Jahrhunderts.\u201d Mitteilungen der Gesellschaft zur Erforschung j\u00fcdischer Kunstdenkm\u00e4ler, <\/em>VII, VIII (1915): 1 &#8211; 102.<\/p>\n<p class=\"Bibliography_20_1\">Guggenheim, Siegfried, ed. &#8220;<em>Aus der Vergangenheit der israelitischen Gemeinde zu Offenbach am Main: Zur Einweihung der neuen Synagoge<\/em>&#8220;. Offenbach am Main: Rothschild, 1915.<\/p>\n<p class=\"Bibliography_20_1\">H\u00e4usler, Gustav. &#8220;<em>St\u00fchlingen: Vergangenheit und Gegenwart<\/em>&#8220;. St\u00fchlingen: Selbstverlag der Stadt St\u00fchlingen, 1966.<\/p>\n<p class=\"Bibliography_20_1\">Horovitz, Markus. &#8220;<em>Die Wohlth\u00e4tigkeit bei den Juden im alten Frankfurt<\/em>&#8220;. Frankfurt am Main: M. Slobotzky, 1896.<\/p>\n<p class=\"Bibliography_20_1\">JFEL-II. &#8220;<em>Der Judenfriedhof Endingen-Lengnau&#8221; Vol. 2. Baden: Verein f\u00fcr die Erhaltung der Synagogen und des Friedhofs<\/em> Endingen-Lengnau, 1993.<\/p>\n<p class=\"Bibliography_20_1\">Johler, E. G. &#8220;<em>Geschichte, Landes- und Orts-Kunde der Souver\u00e4nen teutschen F\u00fcrstenth\u00fcmer Hohenzollern Hechingen und Sigmaringen&#8221;<\/em>. Ulm: Verlag der Stettin\u2019schen Buchhandlung, 1824.<\/p>\n<p class=\"Bibliography_20_1\">Kashtan, Aharon. \u201cSynagogue.\u201d In Encyclopedia Judaica ol. 15. Jerusalem: Keter Publ., 1978.<\/p>\n<p class=\"Bibliography_20_1\">Kaufmann, David. \u201c<em>Zur Geschichte der Familie Dreyfuss.\u201d Monatsschrift f\u00fcr Geschichte und Wissenschaft des Judenthums<\/em> 9 (1898): 424\u20139.<\/p>\n<p class=\"Bibliography_20_1\">Lowenstein, Steven M. &#8220;The Jewish Cultural Tapestry: International Jewish Folk Traditions.&#8221; New York: Oxford University Press, 2000.<\/p>\n<p class=\"Bibliography_20_1\">Macantangay, Francis M. \u201cActs of Charity as Acts of Remembrance in the Book of Tobit.\u201d Journal for the Study of the Pseudepigrapha 23\/1 (2013): 69\u201384.<\/p>\n<p class=\"Bibliography_20_1\">Maier, Ingrid, and Daniel C. Waugh. \u201c\u2018The Blowing of Messiah\u2019s Trumpet\u2019: Reports about Sabbatai Sevi and Jewish Unrest in 1665\u20131667.\u201d In &#8220;The Dissemination of News and the Emergence of Contemporaneity in Early Modern Europe&#8221;, 137\u201352. Farnham, Surrey, England: Ashgate Publ., 2010.<\/p>\n<p class=\"Bibliography_20_1\">Maimonides, Moses. &#8220;<em>Mishneh Torah: Hilkhot Matanot Aniyim<\/em>&#8220;. Fustat, Egypt, 1175.<\/p>\n<p class=\"Bibliography_20_1\">Maimonides, Moses, and Michael Friedl\u00e4nder. &#8220;The Guide of the Perplexed.&#8221; New York: Hebrew Publ. Co., 1881.<\/p>\n<p class=\"Bibliography_20_1\">Maimonides, Moses, Joseph B. Meszler, and Marc Lee Raphael. &#8220;Gifts for the Poor: Moses Maimonides\u2019 Treatise on Tzedakah&#8221;. Williamsburg, VA: Dept. of Religion, The College of William and Mary, 2003.<\/p>\n<p class=\"Bibliography_20_1\">Mainzer, Moritz. &#8220;<em>Gedenkbl\u00e4tter zur Erinnerung an das 175 j\u00e4hrige Jubil\u00e4um des Wohlt\u00e4tigkeitsvereins im ehemaligen Amt Starkenburg<\/em>&#8220;. Frankfurt am Main: David Droller, 1914.<\/p>\n<p class=\"Bibliography_20_1\">Majern, Christoph Paul. &#8220;<em>Minh\u0101gim das ist: Derer heutigen J\u00fcden Ceremonien, und Gebr\u00e4uche ins Gemein und insonderheit durch das gantze Jahr ..<\/em>.&#8221; Wittenberg: Wilcken, 1681.<\/p>\n<p class=\"Bibliography_20_1\">Mordstein, Johannes. &#8220;<em>Selbstbewusste Untert\u00e4nigkeit, Obrigkeit und Judengemeinden im Spiegel der Judenschutzbriefe der Grafschaft Oettingen 1637\u20131806<\/em>&#8220;. Epfendorf: Bibliotheca academica Verlag GmbH, 2005.<\/p>\n<p class=\"Bibliography_20_1\">Penslar, Derek Jonathan. &#8220;Shylock\u2019s Children: Economics and Jewish Identity in Modern Europe&#8221;. Berkeley: University of California Press, 2001.<\/p>\n<p class=\"Bibliography_20_1\">Pfefferkorn, Johannes. &#8220;<em>Speculum adhortationis Iudaice ad Christu[m].<\/em>&#8221; Cologne: Martin von Werden, 1507.<\/p>\n<p class=\"Bibliography_20_1\">Pollack, Herman. \u201cAn Historical Explanation of the Origin and Development of Jewish Books of Customs (\u2018Sifre Minhagim\u2019): 1100\u20131300.\u201d Jewisocistud Jewish Social Studies 49, nos. 3\u20134 (1987): 195\u2013216.<\/p>\n<p class=\"Bibliography_20_1\">Rapp Buri, Anna. &#8220;<em>J\u00fcdisches Kulturgut in Und aus Endingen und Lengnau.<\/em>&#8221; Heidelberg: Regionalkultur, 2008.<\/p>\n<p class=\"Bibliography_20_1\">Rohrbacher, Stefan. \u201c<em>Organisationsformen der s\u00fcddeutschen Juden in der Fr\u00fchneuzeit.\u201d In: J\u00fcdische Gemeinden und Organisationsformen von der Antike bis zur Gegenwart.&#8221;<\/em> Aschkenas Zeitschrift f\u00fcr Geschicte und Kultur der Juden 3, 137\u201351. Vienna: B\u00f6hlau, 1996.<\/p>\n<p class=\"Bibliography_20_1\">Rosenthal, Berthold. \u201c<em>Die Judenmission vor 200 Jahren (I).<\/em>\u201d J\u00fcdisch-liberale Zeitung, 6\/43, October 22, 1926.<\/p>\n<p class=\"Bibliography_20_1\"><span class=\"T5\">\u2014\u2014\u2014<\/span>. \u201c<em>Die Judenmission vor 200 Jahren (II).<\/em>\u201d J\u00fcdisch-liberale Zeitung, 6\/48, November 26, 1926.<\/p>\n<p class=\"Bibliography_20_1\"><span class=\"T5\">\u2014\u2014\u2014<\/span>. &#8220;<em>Heimatgeschichte der badischen Juden: Seit ihrem geschichtlichen Auftreten bis zur Gegenwart.<\/em>&#8221; B\u00fchl\/Baden: Konkordia AG f\u00fcr Druck und Verlag, 1927.<\/p>\n<p class=\"Bibliography_20_1\">Salomon, Johann Christian. &#8220;J\u00fcdisches Ceremonien-Buch von der Juden Feier- und Festtagen&#8221;. Halle: 1712.<\/p>\n<p class=\"Bibliography_20_1\">Scholem, Gershom Gerhard. &#8220;Sabbatai Sevi: The Mystical Messiah, 1626\u20131676&#8221;. Princeton: Princeton University Press, 1975.<\/p>\n<p class=\"Bibliography_20_1\">Smith, Charles W. &#8220;Auctions: The Social Construction of Value.&#8221; Berkeley: University of California Press, 1990.<\/p>\n<p class=\"Bibliography_20_1\">StAZ (Staatsarchiv des Kantons Z\u00fcrich). Kirchenb\u00fccher des Klosters Rheinau. Canton State Archives, Z\u00fcrich.<\/p>\n<p class=\"Bibliography_20_1\">Steinsalz, Adin. &#8220;The Essential Talmud.&#8221; Jerusalem: Koren Publishers, 2006.<\/p>\n<p class=\"Bibliography_20_1\">Stern, Moritz. &#8220;Urkundliche Beitr\u00e4ge \u00fcber die Stellung der P\u00e4pste zu den Juden: Mit Benutzung d. p\u00e4pstl. Geheimarchivs zu Rom.&#8221; Kiel: Fiencke, 1893.<\/p>\n<p class=\"Bibliography_20_1\">Ullmann, Sabine. &#8220;Nachbarschaft und Konkurrenz: Juden und Christen in D\u00f6rfern der Markgrafschaft Burgau 1650\u20131750.&#8221; G\u00f6ttingen: Vandenhoeck &amp; Ruprecht, 1999.<\/p>\n<p class=\"Bibliography_20_1\">Weber, Annette. \u201cSynagogenausstattungen als Dokumente j\u00fcdischen Lebens auf dem Lande in Franken und Schwaben im 18. Jahrhundert.\u201d In: J\u00fcdisches Leben auf dem Lande, 189\u2013206. Schriftenreihe wissenschaftlicher Abhandlungen des Leo-Baeck Insituts 56. T\u00fcbingen: Mohr Siebeck, 1997.<\/p>\n<p class=\"Bibliography_20_1\">Weinberg, Magnus. &#8220;Geschichte der Juden in der Oberpfalz.&#8221; Vol. 3. Sulzb\u00fcrg: printed by author, 1909.<\/p>\n<p class=\"Bibliography_20_1\">Weinryb, Bernard D. \u201cThe Hebrew Chronicles on Bohdan Khmel\u2019nyts\u2019kyi and the Cossack-Polish War.\u201d Harvard Ukrainian Studies 1\/2 (June 1977): 153\u201377.<\/p>\n<p class=\"Bibliography_20_1\">Weldler-Steinberg, Augusta, and Florence Guggenheim-Gr\u00fcnberg. &#8220;Geschichte der Juden in der Schweiz, vom 16. Jahrhundert bis nach der Emanzipation.&#8221; Goldach: Schweizerischer Israelitischer Gemeindebund, 1966.<\/p>\n<p class=\"Bibliography_20_1\">Witte, Emanuel de. <span class=\"T2\">Interior of the Portuguese Synagogue in Amsterdam<\/span>. Oil painting. Amsterdam: Rijksmuseum, 1680.<\/p>\n<div class=\"Bibliography_20_1\">\n<p>Wolf, Alfred. \u201cThe First Pinkes of Heidingsfeld.\u201d Hebrew Union College Annual, v18: 247-278<\/p>\n<\/div>\n","protected":false},"excerpt":{"rendered":"<p>Bibliography Baer, Fritz. &#8220;Das Protokollbuch der Landjudenschaft des Herzogtums Kleve&#8220;. Berlin: C. A. Schwetschke &amp; Sohn, 1922. Bell, Dean Phillip. &#8220;Jewish Identity in Early Modern Germany: Memory, Power and Community.&#8221; Aldershot: Ashgate, 2007. Berlin, Naphtali Zebi Judah. &#8220;Responsa Meshiv Davar&#8220;. Brooklyn: A. Kohn, 1894. BT. &#8220;Babylonian Talmud.&#8221; Vilnius: Romm, 1901. Buber, Martin. &#8220;Good and Evil.&#8221; [&hellip;]<\/p>\n","protected":false},"author":11,"featured_media":0,"parent":1732,"menu_order":139,"comment_status":"open","ping_status":"closed","template":"new_page.php","meta":{"footnotes":""},"_links":{"self":[{"href":"https:\/\/www.stuehlingen.online\/Book\/index.php?rest_route=\/wp\/v2\/pages\/1819"}],"collection":[{"href":"https:\/\/www.stuehlingen.online\/Book\/index.php?rest_route=\/wp\/v2\/pages"}],"about":[{"href":"https:\/\/www.stuehlingen.online\/Book\/index.php?rest_route=\/wp\/v2\/types\/page"}],"author":[{"embeddable":true,"href":"https:\/\/www.stuehlingen.online\/Book\/index.php?rest_route=\/wp\/v2\/users\/11"}],"replies":[{"embeddable":true,"href":"https:\/\/www.stuehlingen.online\/Book\/index.php?rest_route=%2Fwp%2Fv2%2Fcomments&post=1819"}],"version-history":[{"count":0,"href":"https:\/\/www.stuehlingen.online\/Book\/index.php?rest_route=\/wp\/v2\/pages\/1819\/revisions"}],"up":[{"embeddable":true,"href":"https:\/\/www.stuehlingen.online\/Book\/index.php?rest_route=\/wp\/v2\/pages\/1732"}],"wp:attachment":[{"href":"https:\/\/www.stuehlingen.online\/Book\/index.php?rest_route=%2Fwp%2Fv2%2Fmedia&parent=1819"}],"curies":[{"name":"wp","href":"https:\/\/api.w.org\/{rel}","templated":true}]}}