{"id":1803,"date":"2016-12-25T21:08:13","date_gmt":"2016-12-26T01:08:13","guid":{"rendered":"http:\/\/www.papaworx.com\/Book\/?page_id=1803"},"modified":"2016-12-25T21:08:13","modified_gmt":"2016-12-26T01:08:13","slug":"9-12","status":"publish","type":"page","link":"https:\/\/www.stuehlingen.online\/Book\/?page_id=1803","title":{"rendered":"9-12"},"content":{"rendered":"<p style=\"text-align: justify;\"><span class=\"Standard\">But occasionally we find much more fundamental events of Jewish history reflected in the dry bureaucratic language of municipal clerks:<\/span><\/p>\n<p class=\"Quote\">J\u00e4cklin Wiell senior (<a class=\"Internet_20_link\" href=\"\/Stuehlingen\/tree.php?t=R1.1\"><span class=\"Internet_20_link\">R1.1<\/span><\/a>], Jew in St\u00fchlingen, is presenting an account for capital and interest with Christian F\u00e4ssler of Schwaningen. It shows that said F\u00e4ssler still owes 8 fl. 56 kr. to the Jew after his present payment. [The debt is part of an estate from the debtor\u2019s deceased father Balthasar.] Judgment: Should the creditor hopefully be called to the Holy Land, or go there on his own volition between now and the upcoming St. Martin\u2019s day, the debtor will have to pay the full amount of capital plus interest accrued since 1664 immediately and without appeal. Otherwise the regular payment on St. Martin\u2019s day applies. <a class=\"Internet_20_link\" href=\"\/Stuehlingen\/doc.php?d=4097\"><span class=\"Internet_20_link\">[R4097]<\/span><\/a><\/p>\n<p style=\"text-align: justify;\"><span class=\"Standard\">A month later:<\/span><\/p>\n<p class=\"Quote\">J\u00e4cklin Wiell senior (<a class=\"Internet_20_link\" href=\"\/Stuehlingen\/tree.php?t=R1.1\"><span class=\"Internet_20_link\">R1.1<\/span><\/a>), Jew in St\u00fchlingen, sells to miller Michael Sch\u00fcedell in Weizen a horse for the price of 100 fl. under the following conditions: the buyer keeps the horse only if the seller, or in case of his passing his heirs or heirs\u2019 heirs, must travel to the Holy Land. The buyer and his heirs are bound by this contract. Within fourteen days of receiving true and credible proof of this emigration they have to pay the full 100 fl. <a class=\"Internet_20_link\" href=\"\/Stuehlingen\/doc.php?d=4110\"><span class=\"Internet_20_link\">[R4110]<\/span><\/a><\/p>\n<p style=\"text-align: justify;\"><span class=\"Standard\"> Marum, the son of Jekhuff Gugenheim (<a class=\"Internet_20_link\" href=\"\/Stuehlingen\/tree.php?t=G1.3\"><span class=\"Internet_20_link\">G1.3<\/span><\/a>) too entered in two similar contracts <a class=\"Internet_20_link\" href=\"\/Stuehlingen\/doc.php?d=4120\"><span class=\"Internet_20_link\">[R4120]<\/span><\/a>. Why would simple rural Jews from the backwoods of southern Germany seriously consider emigration to Palestine all of a sudden in the seventeenth century? The mysterious call came from Sabbatai Zevi,<span class=\"Footnote_20_Reference\"><span class=\"Footnote_20_anchor\" title=\"Footnote: Scholem, Sabbatai Sevi.\"><a id=\"body_ftn59\" href=\"#ftn59\">59<\/a><\/span><\/span> a previously obscure Sephardi rabbi born in Smyrna in 1626, who gradually promoted himself as the new Messiah of the Jews. Sabbatai travelled from Smyrna, over Salonika, to Cairo and Jerusalem, where he spent time studying, teaching, and persuading. He found fervent followers, such as Nathan of Gaza who whipped up the masses. His messianic movement had mystical roots in the Kabbalah and was furthered by the bloody pogroms of the Khmelnytsky Uprising in the Ukraine (1648\u201357).<span class=\"Footnote_20_Reference\"><span class=\"Footnote_20_anchor\" title=\"Footnote: Weinryb, 'The Hebrew Chronicles.' '\"><a id=\"body_ftn60\" href=\"#ftn60\">60<\/a><\/span><\/span> This movement spread rapidly among the Jews from the Middle East to eastern and western Europe<span class=\"Footnote_20_Reference\"><span class=\"Footnote_20_anchor\" title=\"Footnote: Maier and Waugh, \u201c\u2018The Blowing of Messiah\u2019s Trumpet,\u2019\u201d 000. &lt;pg #?&gt;\"><a id=\"body_ftn61\" href=\"#ftn61\">61<\/a><\/span><\/span> and reached its apex in the spring and summer of 1666. News about the new Messiah kept coming to Europe through the Italian ports, Hamburg, and Amsterdam from October 1665 on by letters and messengers.<span class=\"Footnote_20_Reference\"><span class=\"Footnote_20_anchor\" title=\"Footnote: Scholem, Sabbatai Sevi, 000. &lt;pg #?&gt;\"><a id=\"body_ftn62\" href=\"#ftn62\">62<\/a><\/span><\/span> Copies of Nathan of Gaza\u2019s \u201cManuals of Devotion\u201d were reprinted in Mantua by April 1666 for distribution in synagogues.<span class=\"Footnote_20_Reference\"><span class=\"Footnote_20_anchor\" title=\"Footnote: Ibid., 478.\"><a id=\"body_ftn63\" href=\"#ftn63\">63<\/a><\/span> In Italy preparations for Purim plays were called off because it was thought to be inappropriate to celebrate Purim when the Messiah had appeared. It took a bit longer for the news to penetrate to Germany. But in March 1666 a broadsheet on Sabbatai Zevi was published in Augsburg.<span class=\"Footnote_20_Reference\"><span class=\"Footnote_20_anchor\" title=\"Footnote: Ibid., 557.\"><a id=\"body_ftn64\" href=\"#ftn64\">64<\/a><\/span><\/span> Ultimately the Sabbatean movement collapsed like a pricked balloon after Sabbatai Zevi converted to Islam in September 1666. While some authors claimed that the Sabbatean movement seemed to have persisted for a few years in some regions of Germany,<span class=\"Footnote_20_Reference\"><span class=\"Footnote_20_anchor\" title=\"Footnote: Weinberg, Geschichte der Juden, 31.\"><a id=\"body_ftn65\" href=\"#ftn65\">65<\/a><\/span><\/span> this appeared not to be the case in St\u00fchlingen.<\/span> <\/span><\/p>\n<p style=\"text-align: justify;\">\u00a0<\/p>\n<p class=\"Footnote\"><span class=\"footnodeNumber\"><a id=\"ftn59\" class=\"Footnote_20_Symbol\" href=\"#body_ftn59\">59<\/a><\/span>Scholem, &#8220;Sabbatai Sevi.&#8221;<\/p>\n<p class=\"Footnote\"><span class=\"footnodeNumber\"><a id=\"ftn60\" class=\"Footnote_20_Symbol\" href=\"#body_ftn60\">60<\/a><\/span>Weinryb, \u201cThe Hebrew Chronicles.\u201d<\/p>\n<p class=\"Footnote\"><span class=\"footnodeNumber\"><a id=\"ftn61\" class=\"Footnote_20_Symbol\" href=\"#body_ftn61\">61<\/a><\/span>Maier and Waugh, \u201cThe Blowing of Messiah\u2019s Trumpet.\u201d<\/p>\n<p class=\"Footnote\"><span class=\"footnodeNumber\"><a id=\"ftn62\" class=\"Footnote_20_Symbol\" href=\"#body_ftn62\">62<\/a><\/span>Scholem, &#8220;Sabbatai Sevi.&#8221;<\/p>\n<p class=\"Footnote\"><span class=\"footnodeNumber\"><a id=\"ftn63\" class=\"Footnote_20_Symbol\" href=\"#body_ftn63\">63<\/a><\/span>Ibid., 478.<\/p>\n<p class=\"Footnote\"><span class=\"footnodeNumber\"><a id=\"ftn64\" class=\"Footnote_20_Symbol\" href=\"#body_ftn64\">64<\/a><\/span>Ibid., 557.<\/p>\n<p class=\"Footnote\"><span class=\"footnodeNumber\"><a id=\"ftn65\" class=\"Footnote_20_Symbol\" href=\"#body_ftn65\">65<\/a><\/span>Weinberg, &#8220;Geschichte der Juden,&#8221; 31.<\/p>\n","protected":false},"excerpt":{"rendered":"<p>But occasionally we find much more fundamental events of Jewish history reflected in the dry bureaucratic language of municipal clerks: J\u00e4cklin Wiell senior (R1.1], Jew in St\u00fchlingen, is presenting an account for capital and interest with Christian F\u00e4ssler of Schwaningen. It shows that said F\u00e4ssler still owes 8 fl. 56 kr. to the Jew after [&hellip;]<\/p>\n","protected":false},"author":11,"featured_media":0,"parent":1732,"menu_order":132,"comment_status":"open","ping_status":"closed","template":"new_page.php","meta":{"footnotes":""},"_links":{"self":[{"href":"https:\/\/www.stuehlingen.online\/Book\/index.php?rest_route=\/wp\/v2\/pages\/1803"}],"collection":[{"href":"https:\/\/www.stuehlingen.online\/Book\/index.php?rest_route=\/wp\/v2\/pages"}],"about":[{"href":"https:\/\/www.stuehlingen.online\/Book\/index.php?rest_route=\/wp\/v2\/types\/page"}],"author":[{"embeddable":true,"href":"https:\/\/www.stuehlingen.online\/Book\/index.php?rest_route=\/wp\/v2\/users\/11"}],"replies":[{"embeddable":true,"href":"https:\/\/www.stuehlingen.online\/Book\/index.php?rest_route=%2Fwp%2Fv2%2Fcomments&post=1803"}],"version-history":[{"count":0,"href":"https:\/\/www.stuehlingen.online\/Book\/index.php?rest_route=\/wp\/v2\/pages\/1803\/revisions"}],"up":[{"embeddable":true,"href":"https:\/\/www.stuehlingen.online\/Book\/index.php?rest_route=\/wp\/v2\/pages\/1732"}],"wp:attachment":[{"href":"https:\/\/www.stuehlingen.online\/Book\/index.php?rest_route=%2Fwp%2Fv2%2Fmedia&parent=1803"}],"curies":[{"name":"wp","href":"https:\/\/api.w.org\/{rel}","templated":true}]}}