{"id":1526,"date":"2016-12-23T20:56:13","date_gmt":"2016-12-24T00:56:13","guid":{"rendered":"http:\/\/www.papaworx.com\/Book\/?page_id=1526"},"modified":"2016-12-23T20:56:13","modified_gmt":"2016-12-24T00:56:13","slug":"7-7","status":"publish","type":"page","link":"https:\/\/www.stuehlingen.online\/Book\/?page_id=1526","title":{"rendered":"7-7"},"content":{"rendered":"<h1 class=\"Table_20_of_20_Authorities\"><span style=\"font-size: 18pt;\">Bibliography<\/span><\/h1>\n<p class=\"Bibliography_20_1\"><span class=\"T13\">Arenberg, Jean Engelbert Prince et duc d\u2019. <\/span><span class=\"T8\">\u201c<\/span><span class=\"T11\">The Lesser Princes of the Holy Roman Empire in the Napoleonic Era<\/span>.\u201d PhD diss., Georgetown University, 1950.<\/p>\n<p class=\"Bibliography_20_1\">GLA (General Staatsarchiv). General State Archives, Karlsruhe.<\/p>\n<p class=\"Bibliography_20_1\">Mauerer, Esteban. &#8220;S\u00fcdwestdeutscher Reichsadel Im 17. Und 18. Jahrhunder: Geld, Reputation, Karriere: Das Haus F\u00fcrstenberg&#8221;. G\u00f6ttingen: Vandenhoeck &amp; Ruprecht, 2001.<\/p>\n<p class=\"Bibliography_20_1\">M\u00fcnch, Ernst. &#8220;Geschichte des Hauses F\u00fcrstenberg: Aus Urkunden und den besten Quellen.&#8221; Vol. 3. Aachen &amp; Leipzig: Verlag J.M. Mayer, 1832.<\/p>\n<p class=\"Bibliography_20_1\">Neuhaus, Helmut. Das Reich in der Fr\u00fchen Neuzeit. Munich: Oldenbourg Verlag, 1997.<\/p>\n<p class=\"Bibliography_20_1\">Schnettger, Matthias. Der spanische Erbfolgekrieg: 1701\u20131713\/14. Munich: C. H. Beck, 2014.<\/p>\n<p class=\"Bibliography_20_1\">Stoyan, Herbert. <a href=\"http:\/\/ww-person.com\/cgi-bin\/wwp\/LANG=engl\/?1\">\u201cA data base of the titled nobility in Europe.\u201d<\/a> accessed Dec. 2016.<\/p>\n<p class=\"Bibliography_20_1\">Tumb\u00fclt, Georg. &#8220;&#8221;Das F\u00fcrstentum F\u00fcrstenberg von seinen Anf\u00e4ngen bis zur Mediatisierung im Jahre 1806. Freiburg (Baden): J. Bielefelds Verlag, 1908.<\/p>\n<p class=\"Bibliography_20_1\"><a href=\"http:\/\/www.30jaehrigerkrieg.de\/furstenberg-moskirch-furstenberger-friedrich-rudolf-graf-von\/\">Warlich, Bernd. \u201cF\u00fcrstenberg-M\u00f6\u00dfkirch [F\u00fcrstenberger], Friedrich Rudolf Graf von.\u201d<\/a> Der Drei\u00dfigj\u00e4hrige Krieg in Selbstzeugnissen, Chroniken und Berichten. accessed Dec. 2016.<\/p>\n","protected":false},"excerpt":{"rendered":"<p>Bibliography Arenberg, Jean Engelbert Prince et duc d\u2019. \u201cThe Lesser Princes of the Holy Roman Empire in the Napoleonic Era.\u201d PhD diss., Georgetown University, 1950. GLA (General Staatsarchiv). General State Archives, Karlsruhe. Mauerer, Esteban. &#8220;S\u00fcdwestdeutscher Reichsadel Im 17. Und 18. Jahrhunder: Geld, Reputation, Karriere: Das Haus F\u00fcrstenberg&#8221;. G\u00f6ttingen: Vandenhoeck &amp; Ruprecht, 2001. M\u00fcnch, Ernst. &#8220;Geschichte [&hellip;]<\/p>\n","protected":false},"author":11,"featured_media":0,"parent":1494,"menu_order":97,"comment_status":"open","ping_status":"closed","template":"new_page.php","meta":{"footnotes":""},"_links":{"self":[{"href":"https:\/\/www.stuehlingen.online\/Book\/index.php?rest_route=\/wp\/v2\/pages\/1526"}],"collection":[{"href":"https:\/\/www.stuehlingen.online\/Book\/index.php?rest_route=\/wp\/v2\/pages"}],"about":[{"href":"https:\/\/www.stuehlingen.online\/Book\/index.php?rest_route=\/wp\/v2\/types\/page"}],"author":[{"embeddable":true,"href":"https:\/\/www.stuehlingen.online\/Book\/index.php?rest_route=\/wp\/v2\/users\/11"}],"replies":[{"embeddable":true,"href":"https:\/\/www.stuehlingen.online\/Book\/index.php?rest_route=%2Fwp%2Fv2%2Fcomments&post=1526"}],"version-history":[{"count":0,"href":"https:\/\/www.stuehlingen.online\/Book\/index.php?rest_route=\/wp\/v2\/pages\/1526\/revisions"}],"up":[{"embeddable":true,"href":"https:\/\/www.stuehlingen.online\/Book\/index.php?rest_route=\/wp\/v2\/pages\/1494"}],"wp:attachment":[{"href":"https:\/\/www.stuehlingen.online\/Book\/index.php?rest_route=%2Fwp%2Fv2%2Fmedia&parent=1526"}],"curies":[{"name":"wp","href":"https:\/\/api.w.org\/{rel}","templated":true}]}}