{"id":1472,"date":"2016-12-23T15:49:00","date_gmt":"2016-12-23T19:49:00","guid":{"rendered":"http:\/\/www.papaworx.com\/Book\/?page_id=1472"},"modified":"2016-12-23T15:49:00","modified_gmt":"2016-12-23T19:49:00","slug":"6-4","status":"publish","type":"page","link":"https:\/\/www.stuehlingen.online\/Book\/?page_id=1472","title":{"rendered":"6-4"},"content":{"rendered":"<h1 class=\"Table_20_of_20_Authorities\"><span style=\"font-size: 18pt;\">Bibliography<\/span><\/h1>\n<p class=\"Bibliography_20_1\">Assfahl, Gerhard. \u201cBernhard Schaffalitzki von Muckendell: Offizier, Diplomat und Freund von Kunst und Wissenschaft 1591\u20131641.\u201d Lebensbilder aus Schwaben und Franken 14 (1972).<\/p>\n<p class=\"Bibliography_20_1\">Baron, Salo Wittmayer. &#8220;A Social and Religious History of the Jews.&#8221; Vol. 14. New York: Columbia University Press, 1969.<\/p>\n<p class=\"Bibliography_20_1\">Brandeck, Hans. &#8220;Geschichte der Stadt und der vormaligen Landgrafschaft St\u00fchlingen.&#8221; St\u00fchlingen: Verlag der Stadtgemeinde St\u00fchlingen, 1927.<\/p>\n<p class=\"Bibliography_20_1\">Du Jarrys de la Roche, Carl. &#8220;Der Dreissigj\u00e4hrige Krieg vom milit\u00e4rischen Standpunkt aus Beleuchtet.&#8221; Vol. 2. Schaffhausen: Hurter, 1851.<\/p>\n<p class=\"Bibliography_20_1\">D\u00fcrrenmatt, Peter.&#8221;Schweizer Geschichte.&#8221; Z\u00fcrich: Schweizer Druck- und Verlagshaus, 1963.<\/p>\n<p class=\"Bibliography_20_1\">Israel, Jonathan I. \u201cCentral European Jewry during the Thirty Years\u2019 War.\u201d Central European History 16\/1 (March 1983): 3\u201330.<\/p>\n<p class=\"Bibliography_20_1\">Jakob von St\u00fchlingen, Sale of Stolen Jewellry. Staatsarchiv St.Gallen, AA 1 B 3, Bl. 183; Stadtarchiv Rheineck, Chronikalische Aufzeichnung 1589 &#8211; 1711, S. 40-42, 75, 266<\/p>\n<p class=\"Bibliography_20_1\">Schwennicke, Detlev. &#8220;Europ\u00e4ische Stammtafeln: Stammtafeln zur Geschichte der europ\u00e4ischen Staaten&#8221;, n.s. Marburg: J. A. Stargardt, 1978.<\/p>\n<p class=\"Bibliography_20_1\">Semler, Alfons. \u201cDie Tageb\u00fccher des Dr. Johann Heinrich von Pflummern, 1633\u20131643.\u201d Zeitschrift f\u00fcr die Geschichte des Oberrheins, supplement, 59 (1950).<\/p>\n<p class=\"Bibliography_20_1\">StAZ (Staatsarchiv des Kantons Z\u00fcrich). A 304 Gemeine Herrschaften, Kirchliches, Rebstein und Rheineck, sub anno 1631<\/p>\n<p class=\"Bibliography_20_1\">Steinberg, Sigfrid Henry. &#8220;The \u201cThirty Years War\u201d and the Conflict for European Hegemony 1600\u20131660.&#8221; London: Cox &amp; Wyman Ltd., 1966.<\/p>\n<p class=\"Bibliography_20_1\">Ulrichs, Johann Caspar. &#8220;Sammlung j\u00fcdischer Geschichten&#8221;. Basel, 1768.<\/p>\n<p class=\"Bibliography_20_1\">Vincent, Philip. &#8220;The Lamentations of Germany: Wherein, as in a Glasse, We May Behold Her Miserable Condition, and Reade the the Woefull Effects of Sinne&#8221;. London: Rothwell, 1638.<\/p>\n<p class=\"Bibliography_20_1\"><a href=\"http:\/\/www.30jaehrigerkrieg.de\/pappenheim-maximilian-von\/\">Warlich, Bernd. \u201cPappenheim, Maximilian von.\u201d Der Drei\u00dfigj\u00e4hrige Krieg in Selbstzeugnissen, Chroniken Und Berichten.<\/a> March 4, 2013.<\/p>\n","protected":false},"excerpt":{"rendered":"<p>Bibliography Assfahl, Gerhard. \u201cBernhard Schaffalitzki von Muckendell: Offizier, Diplomat und Freund von Kunst und Wissenschaft 1591\u20131641.\u201d Lebensbilder aus Schwaben und Franken 14 (1972). Baron, Salo Wittmayer. &#8220;A Social and Religious History of the Jews.&#8221; Vol. 14. New York: Columbia University Press, 1969. Brandeck, Hans. &#8220;Geschichte der Stadt und der vormaligen Landgrafschaft St\u00fchlingen.&#8221; St\u00fchlingen: Verlag der [&hellip;]<\/p>\n","protected":false},"author":11,"featured_media":0,"parent":1457,"menu_order":84,"comment_status":"open","ping_status":"closed","template":"new_page.php","meta":{"footnotes":""},"_links":{"self":[{"href":"https:\/\/www.stuehlingen.online\/Book\/index.php?rest_route=\/wp\/v2\/pages\/1472"}],"collection":[{"href":"https:\/\/www.stuehlingen.online\/Book\/index.php?rest_route=\/wp\/v2\/pages"}],"about":[{"href":"https:\/\/www.stuehlingen.online\/Book\/index.php?rest_route=\/wp\/v2\/types\/page"}],"author":[{"embeddable":true,"href":"https:\/\/www.stuehlingen.online\/Book\/index.php?rest_route=\/wp\/v2\/users\/11"}],"replies":[{"embeddable":true,"href":"https:\/\/www.stuehlingen.online\/Book\/index.php?rest_route=%2Fwp%2Fv2%2Fcomments&post=1472"}],"version-history":[{"count":0,"href":"https:\/\/www.stuehlingen.online\/Book\/index.php?rest_route=\/wp\/v2\/pages\/1472\/revisions"}],"up":[{"embeddable":true,"href":"https:\/\/www.stuehlingen.online\/Book\/index.php?rest_route=\/wp\/v2\/pages\/1457"}],"wp:attachment":[{"href":"https:\/\/www.stuehlingen.online\/Book\/index.php?rest_route=%2Fwp%2Fv2%2Fmedia&parent=1472"}],"curies":[{"name":"wp","href":"https:\/\/api.w.org\/{rel}","templated":true}]}}