{"id":1419,"date":"2016-12-23T13:50:47","date_gmt":"2016-12-23T17:50:47","guid":{"rendered":"http:\/\/www.papaworx.com\/Book\/?page_id=1419"},"modified":"2016-12-23T13:50:47","modified_gmt":"2016-12-23T17:50:47","slug":"5-11","status":"publish","type":"page","link":"https:\/\/www.stuehlingen.online\/Book\/?page_id=1419","title":{"rendered":"5-11"},"content":{"rendered":"<br \/>\n<h1 class=\"Table_20_of_20_Authorities\"><span style=\"font-size: 18pt;\">Bibliography<\/span><\/h1>\n<p class=\"Bibliography_20_1\">\n\t\t\t<span class=\"T6\">Brandeck, Hans. <\/span><span class=\"T21\">Geschichte<br \/>\n\t\t\t\tder Stadt und der vormaligen Landgrafschaft St\u00fchlingen<\/span>. St\u00fchlingen:<br \/>\n\t\t\tVerlag der Stadtgemeinde St\u00fchlingen, 1927.\n\t\t<\/p>\n<p class=\"Bibliography_20_1\">\n\t\t\tDriedger, Leo, and Glenn Church. \u201cResidential Segregation and<br \/>\n\t\t\tInstitutional Completeness: A Comparison of Ethnic Minorities.\u201d <span\n\t\t\t\tclass=\"T21\">Canadian Review of Sociology and Anthropology <\/span><span\n\t\t\t\tclass=\"T2\">11<\/span>\/<span class=\"T2\">1<\/span> (1974): 30\u201352.\n\t\t<\/p>\n<p class=\"Bibliography_20_1\">FFA (F\u00fcrstlich F\u00fcrstenbergisches<br \/>\n\t\t\tArchiv). Judenakte. n.d. Politica. Princely F\u00fcrstenberg Archives,<br \/>\n\t\t\tDonaueschingen<\/p>\n<p class=\"Bibliography_20_1\">GLA (General Staatsarchiv). General<br \/>\n\t\t\tState Archives, Karlsruhe.<\/p>\n<p class=\"Bibliography_20_1\">\n\t\t\tH\u00e4usler, Gustav. <span class=\"T21\">St\u00fchlingen: Vergangenheit<br \/>\n\t\t\t\tund Gegenwart<\/span>. St\u00fchlingen: Selbstverlag der Stadt St\u00fchlingen, 1966.\n\t\t<\/p>\n<p class=\"Bibliography_20_1\">\n\t\t\tH\u00f6pfinger, Renate. <span class=\"T21\">Die Judengemeinde von<br \/>\n\t\t\t\tFloss, 1684\u20131942: Die Geschichte einer J\u00fcdischen Landgemeinde in<br \/>\n\t\t\t\tBayern<\/span>. Kallm\u00fcnz: Lassleben, 1993.\n\t\t<\/p>\n<p class=\"Bibliography_20_1\">\n\t\t\tMauerer, Esteban. <span class=\"T21\">S\u00fcdwestdeutscher<br \/>\n\t\t\t\tReichsadel im 17. und 18. Jahrhunder: Geld, Reputation, Karriere:<br \/>\n\t\t\t\tDas Haus F\u00fcrstenberg<\/span>. G\u00f6ttingen: Vandenhoeck &amp; Ruprecht, 2001.\n\t\t<\/p>\n<p class=\"Bibliography_20_1\">\n\t\t\tMordstein, Johannes. <span class=\"T21\">Selbstbewusste<br \/>\n\t\t\t\tUntert\u00e4nigkeit, Obrigkeit und Judengemeinden im Spiegel der<br \/>\n\t\t\t\tJudenschutzbriefe der Grafschaft Oettingen 1637\u20131806<\/span>. Epfendorf:<br \/>\n\t\t\tBibliotheca academica Verlag GmbH, 2005.\n\t\t<\/p>\n<p class=\"Bibliography_20_1\">Samuel Pletscher Collection.<br \/>\n\t\t\tGemeindearchiv Schleitheim, Switzerland.<\/p>\n<p class=\"Bibliography_20_1\">\n\t\t\tQuillian, Lincoln. \u201cPrejudice as a Response to Perceived Group<br \/>\n\t\t\tThreat: Population Composition and Anti-Immigrant and Racial<br \/>\n\t\t\tPrejudice in Europe.\u201d <span class=\"T21\">American Sociological<br \/>\n\t\t\t\tReview <\/span><span class=\"T2\">60<\/span>\/<span class=\"T2\">4<\/span> (1995):<br \/>\n\t\t\t586\u2013611.\n\t\t<\/p>\n<p class=\"Bibliography_20_1\">\n\t\t\tRohrbacher, Stefan. \u201cUngleiche Partnerschaft: Simon G\u00fcnzburg und die<br \/>\n\t\t\terste Ansiedlung von Juden vor den Toren Augsburgs in der Fr\u00fchen<br \/>\n\t\t\tNeuzeit.\u201d In <span class=\"T21\">Landjudentum im Deutschen<br \/>\n\t\t\t\tS\u00fcdwesten w\u00e4hrend der Fr\u00fchen Neuzeit<\/span>, 192\u2013219. Berlin: Akademie<br \/>\n\t\t\tVerlag, 1999.\n\t\t<\/p>\n<p class=\"Bibliography_20_1\">\n\t\t\tRosenthal, Berthold. <span class=\"T21\">Heimatgeschichte der<br \/>\n\t\t\t\tbadischen Juden: Seit ihrem geschichtlichen Auftreten bis zur<br \/>\n\t\t\t\tGegenwart<\/span>. B\u00fchl\/Baden: Konkordia AG f\u00fcr Druck und Verlag, 1927.\n\t\t<\/p>\n<p class=\"Bibliography_20_1\">StAA (Bayerisches Staatsarchiv,<br \/>\n\t\t\tAugsburg). V\u00d6, lit. 240, Urbarium der V\u00d6, Herschaft H\u00fcrbi, fol. 108r.<br \/>\n\t\t\tBavarian State Archive, Augsburg.<\/p>\n<p class=\"Bibliography_20_1\">\n\t\t\tUllmann, Sabine. <span class=\"T21\">Nachbarschaft und<br \/>\n\t\t\t\tKonkurrenz: Juden und Christen in D\u00f6rfern der Markgrafschaft Burgau<br \/>\n\t\t\t\t1650\u20131750<\/span>. G\u00f6ttingen: Vandenhoeck &amp; Ruprecht, 1999.\n\t\t<\/p>\n<p class=\"Bibliography_20_1\">\n\t\t\tWarlich, Bernd. \u201cF\u00fcrstenberg-M\u00f6\u00dfkirch [F\u00fcrstenberger], Friedrich<br \/>\n\t\t\tRudolf Graf von.\u201d <span class=\"T21\">Der Drei\u00dfigj\u00e4hrige Krieg<br \/>\n\t\t\t\tin Selbstzeugnissen, Chroniken und Berichten<\/span>. 2013a.<br \/>\n\t\t\thttp:\/\/www.30jaehrigerkrieg.de\/furstenberg-moskirch-furstenberger-friedrich-rudolf-graf-von\/\n\t\t<\/p>\n<p class=\"Bibliography_20_1\">\n\t\t\tZimmer, Eric. <span class=\"T21\">Jewish Synods in Germany<br \/>\n\t\t\t\tduring the Late Middle Ages, 1286\u20131603<\/span>. New York: Yeshiva University<br \/>\n\t\t\tPress, 1978.\n\t\t<\/p>\n<p class=\"Bibliography_20_1\">Zivotofsky, Ari. \u201cTzarich Iyun:<br \/>\n\t\t\tNikkur Achoraim.\u201d Orthodox Union. 2014.<br \/>\n\t\t\thttps:\/\/www.ou.org\/torah\/machshava\/tzarich-iyun\/tzarich_iyun_nikkur_achoraim\/<\/p>\n","protected":false},"excerpt":{"rendered":"<p>Bibliography Brandeck, Hans. Geschichte der Stadt und der vormaligen Landgrafschaft St\u00fchlingen. St\u00fchlingen: Verlag der Stadtgemeinde St\u00fchlingen, 1927. Driedger, Leo, and Glenn Church. \u201cResidential Segregation and Institutional Completeness: A Comparison of Ethnic Minorities.\u201d Canadian Review of Sociology and Anthropology 11\/1 (1974): 30\u201352. FFA (F\u00fcrstlich F\u00fcrstenbergisches Archiv). Judenakte. n.d. Politica. Princely F\u00fcrstenberg Archives, Donaueschingen GLA (General Staatsarchiv). [&hellip;]<\/p>\n","protected":false},"author":11,"featured_media":0,"parent":1298,"menu_order":71,"comment_status":"closed","ping_status":"closed","template":"new_page.php","meta":{"footnotes":""},"_links":{"self":[{"href":"https:\/\/www.stuehlingen.online\/Book\/index.php?rest_route=\/wp\/v2\/pages\/1419"}],"collection":[{"href":"https:\/\/www.stuehlingen.online\/Book\/index.php?rest_route=\/wp\/v2\/pages"}],"about":[{"href":"https:\/\/www.stuehlingen.online\/Book\/index.php?rest_route=\/wp\/v2\/types\/page"}],"author":[{"embeddable":true,"href":"https:\/\/www.stuehlingen.online\/Book\/index.php?rest_route=\/wp\/v2\/users\/11"}],"replies":[{"embeddable":true,"href":"https:\/\/www.stuehlingen.online\/Book\/index.php?rest_route=%2Fwp%2Fv2%2Fcomments&post=1419"}],"version-history":[{"count":0,"href":"https:\/\/www.stuehlingen.online\/Book\/index.php?rest_route=\/wp\/v2\/pages\/1419\/revisions"}],"up":[{"embeddable":true,"href":"https:\/\/www.stuehlingen.online\/Book\/index.php?rest_route=\/wp\/v2\/pages\/1298"}],"wp:attachment":[{"href":"https:\/\/www.stuehlingen.online\/Book\/index.php?rest_route=%2Fwp%2Fv2%2Fmedia&parent=1419"}],"curies":[{"name":"wp","href":"https:\/\/api.w.org\/{rel}","templated":true}]}}