{"id":1366,"date":"2016-12-23T10:59:27","date_gmt":"2016-12-23T14:59:27","guid":{"rendered":"http:\/\/www.papaworx.com\/Book\/?page_id=1366"},"modified":"2017-01-17T17:59:08","modified_gmt":"2017-01-17T21:59:08","slug":"5-6","status":"publish","type":"page","link":"https:\/\/www.stuehlingen.online\/Book\/?page_id=1366","title":{"rendered":"5-6"},"content":{"rendered":"<p style=\"text-align: justify;\"><span class=\"Standard\">The 1615 letter pays no attention to the internal organization of the Jewish community. The appointment of neither rabbis nor community trustees (<em>Parnas<\/em>) requires confirmation by the authorities. In fact, neither cantor nor beadle (<em>Schulklopfer<\/em>) were even mentioned. Thus, secular documents are relatively silent regarding internal aspects of Jewish community life.<\/span><\/p>\n<p style=\"text-align: justify;\"><span class=\"Standard\">When compared to other seventeenth-century letters of protection, the 1615 St\u00fchlingen Jews\u2019 Privilege is relatively simplistic, lacking many elements found elsewhere, and rarely considers the law of unintended consequences. It is closer in character to the individual letters of protection from earlier periods. Terms of dismissal from protection are not discussed; wine and other alcoholic beverages are not mentioned. Usury is not defined. Timing and procedures for renewal of the letter are missing.<\/span><\/p>\n<p style=\"text-align: justify;\"><span class=\"Standard\">Mordstein has provided us with a useful multistep method for analyzing letters of protection and their impact:<span class=\"Footnote_20_Reference\"><span class=\"Footnote_20_anchor\" title=\"Footnote: Mordstein, Selbstbewusste Untert\u00e4nigkeit, 257.\"><a id=\"body_ftn17\" href=\"#ftn17\">17<\/a><\/span><\/span><\/span><\/p>\n<div style=\"text-align: center;\"><span style=\"font-family: sans-serif;\">Intent -&gt; Letter of Protection \u2261 Privilegium -&gt; Bylaws -&gt; Application -&gt; Results<\/span><\/div>\n<p style=\"text-align: justify;\"><span class=\"Standard\">In other words, a letter of protection does not exist in a vacuum. First, there is the intent or purpose for which the letter is issued, which determines the actual wording of the letter that defines privileges, limitations and taxes. These are then operationalized as written bylaw or regulations. And finally, officials have to implement the regulations. Problems can result from issues at any stage.<span class=\"Footnote_20_Reference\"><span class=\"T6\"><span class=\"Footnote_20_anchor\" title=\"Footnote: Mauerer, S\u00fcdwestdeutscher Reichsadel,\"><a id=\"body_ftn18\" href=\"#ftn18\">18<\/a><\/span><\/span> <\/span><\/span><\/p>\n<p style=\"text-align: justify;\"><span class=\"Standard\">We know next to nothing about the intent of Maximilian von Pappenheim or about any negotiations with the targets of the letter. It makes sense that some kind of written regulations existed, but as yet they have not been found.. A bylaw requiring the recording of financial transactions probably did exist, for financial transactions are on record, and such records are not explicitly mandated by the letter proper.<\/span><\/p>\n<p style=\"text-align: justify;\"><span class=\"Standard\">It does not appear as if the Jews had any control over who was to receive a letter of protection and could take residence in St\u00fchlingen. These decisions were made by the rulers and officials <a class=\"Internet_20_link\" href=\"\/Stuehlingen\/doc.php?d=945\"><span class=\"Internet_20_link\">[R945]<\/span>.<\/a><\/span><\/p>\n<p style=\"text-align: justify;\"><span class=\"Standard\">Overall, one does not get the impression that the 1615 letter of protection for the Jews of St\u00fchlingen was the result of careful analysis and planning. This is not sur\u00adpri\u00adsing. Its major goal was to retain the Jews as a valuable source of taxation and credit. In fact, Maximilian was in dire financial straits. The initial purchase of title and county through Maximilian\u2019s father, Conrad, resulted in a considerable debt burden. The cost of maintaining a suitable lifestyle with two households, one local, the other in the imperial capital Vienna, added further to the problem. In 1613 he had to sell extensive landholdings in the Black Forest<span class=\"Footnote_20_Reference\"><span class=\"Footnote_20_anchor\" title=\"Footnote: GLA, 109\/502.\"><a id=\"body_ftn19\" href=\"#ftn19\">19<\/a><\/span><\/span> for 88,500 guilders, and in 1621 the Gr\u00e4fenthal county in Thuringia, which he had inherited from his uncle Christoph Ulrich von Pappenheim in 1599 for the sum of 130,000 guilders.<span class=\"Footnote_20_Reference\"><span class=\"Footnote_20_anchor\" title=\"Footnote: Warlich, \u201cF\u00fcrstenberg-M\u00f6\u00dfkirch.\u201d\"><a id=\"body_ftn20\" href=\"#ftn20\">20<\/a><\/span><\/span><\/span><\/p>\n<p class=\"Footnote\"><span class=\"footnodeNumber\"><a id=\"ftn17\" class=\"Footnote_20_Symbol\" href=\"#body_ftn17\">17<\/a><\/span>Mordstein, <span class=\"T21\">Selbstbewusste Untert\u00e4nigkeit<\/span><span class=\"T23\">, 257.<\/span><\/p>\n<p class=\"Footnote\"><span class=\"footnodeNumber\"><a id=\"ftn18\" class=\"Footnote_20_Symbol\" href=\"#body_ftn18\">18<\/a><\/span>Mauerer, <span class=\"T21\">S\u00fcdwestdeutscher Reichsadel<\/span>,<\/p>\n<p class=\"Footnote\"><span class=\"footnodeNumber\"><a id=\"ftn19\" class=\"Footnote_20_Symbol\" href=\"#body_ftn19\">19<\/a><\/span>GLA, <span class=\"T23\">109\/502.<\/span><\/p>\n<p class=\"Footnote\"><span class=\"footnodeNumber\"><a id=\"ftn20\" class=\"Footnote_20_Symbol\" href=\"#body_ftn20\">20<\/a><\/span>Warlich, \u201cF\u00fcrstenberg-M\u00f6\u00dfkirch.\u201d<\/p>\n","protected":false},"excerpt":{"rendered":"<p>The 1615 letter pays no attention to the internal organization of the Jewish community. The appointment of neither rabbis nor community trustees (Parnas) requires confirmation by the authorities. In fact, neither cantor nor beadle (Schulklopfer) were even mentioned. Thus, secular documents are relatively silent regarding internal aspects of Jewish community life. When compared to other [&hellip;]<\/p>\n","protected":false},"author":11,"featured_media":0,"parent":1298,"menu_order":66,"comment_status":"open","ping_status":"closed","template":"new_page.php","meta":{"footnotes":""},"_links":{"self":[{"href":"https:\/\/www.stuehlingen.online\/Book\/index.php?rest_route=\/wp\/v2\/pages\/1366"}],"collection":[{"href":"https:\/\/www.stuehlingen.online\/Book\/index.php?rest_route=\/wp\/v2\/pages"}],"about":[{"href":"https:\/\/www.stuehlingen.online\/Book\/index.php?rest_route=\/wp\/v2\/types\/page"}],"author":[{"embeddable":true,"href":"https:\/\/www.stuehlingen.online\/Book\/index.php?rest_route=\/wp\/v2\/users\/11"}],"replies":[{"embeddable":true,"href":"https:\/\/www.stuehlingen.online\/Book\/index.php?rest_route=%2Fwp%2Fv2%2Fcomments&post=1366"}],"version-history":[{"count":0,"href":"https:\/\/www.stuehlingen.online\/Book\/index.php?rest_route=\/wp\/v2\/pages\/1366\/revisions"}],"up":[{"embeddable":true,"href":"https:\/\/www.stuehlingen.online\/Book\/index.php?rest_route=\/wp\/v2\/pages\/1298"}],"wp:attachment":[{"href":"https:\/\/www.stuehlingen.online\/Book\/index.php?rest_route=%2Fwp%2Fv2%2Fmedia&parent=1366"}],"curies":[{"name":"wp","href":"https:\/\/api.w.org\/{rel}","templated":true}]}}