{"id":1358,"date":"2016-12-23T10:40:05","date_gmt":"2016-12-23T14:40:05","guid":{"rendered":"http:\/\/www.papaworx.com\/Book\/?page_id=1358"},"modified":"2016-12-23T10:40:05","modified_gmt":"2016-12-23T14:40:05","slug":"5-5","status":"publish","type":"page","link":"https:\/\/www.stuehlingen.online\/Book\/?page_id=1358","title":{"rendered":"5-5"},"content":{"rendered":"<p style=\"text-align: justify;\"><span class=\"Standard\">Protection taxes in the early modern period were collected in two different fashions depending on the municipality. Often Jews were responsible individually for paying their family\u2019s tax directly to the tax office (<em>Rentamt<\/em>). This was the case in St\u00fchlingen; in other jurisdictions, the Jewish community had to pay their taxes collectively. Either the rabbi or the community trustees (<em>Parnas, Barnosse<\/em>) were charged with collecting the taxes from the community members, often according to their ability to pay.<span class=\"Footnote_20_Reference\"><span class=\"T6\"><span class=\"Footnote_20_anchor\" title=\"Footnote: Mordstein, Selbstbewusste Untert\u00e4nigkeit, 302; Ullmann, Nachbarschaft und Konkurrenz, 107.\"><a id=\"body_ftn13\" href=\"#ftn13\">13 <\/a><\/span><\/span>A rare mixture of these two fundamental tax collection policies is found in some Bavarian communities, such as Floss and H\u00fcrben.<span class=\"Footnote_20_Reference\"><span class=\"T6\"><span class=\"Footnote_20_anchor\" title=\"Footnote: H\u00f6pfinger, Die Judengemeinde von Floss, 53; StAA, V\u00d6, lit. 240, Urbarium der V\u00d6, Herschaft H\u00fcrbi, fol. 108r.\"><a id=\"body_ftn14\" href=\"#ftn14\">14<\/a><\/span><\/span> There, the Jewish community was, from the standpoint of tax collection, divided into two subgroups. The first, called \u2018the conditional twelve\u2019 (<em>bedingte Zw\u00f6lf<\/em>), were taxed collectively; they constituted essentially the first-born descendants of the first twelve Jewish families in the village. The second group, called \u2018the unconditionals\u2019 (<em>unbedingt<\/em>), were taxed individually. Belonging to the first group seemed to have been socially desirable, for unconditional Jews clamoured to move into the conditional group whenever a slot became vacant, despite a higher average tax burden.<\/span> <\/span><\/span><\/p>\n<p style=\"text-align: justify;\"><span class=\"Standard\">Why would the wealthier Jews agree to a scheme that taxed them more severely than their less well-off brethren? Sociological research demonstrates a distinct benefit of ethnic concentration.<span class=\"Footnote_20_Reference\"><span class=\"Footnote_20_anchor\" title=\"Footnote: Driedger and Church, \u201cResidential Segregation,\u201d 000. &lt;pg #?&gt;\"><a id=\"body_ftn15\" href=\"#ftn15\">15<\/a><\/span><\/span> Such an advantage of concentration may well have motivated the wealthier community members to take on a higher share of the tax for everyone\u2019s benefit. However, excessive ethnic concentration invites hostility from the host population<span class=\"Footnote_20_Reference\"><span class=\"Footnote_20_anchor\" title=\"Footnote: Quillian, \u201cPrejudice as a Response,\u201d 000. &lt;pg. #?&gt;\"><a id=\"body_ftn16\" href=\"#ftn16\">16<\/a><\/span><\/span> and thus again threatens social stability. <\/span><\/p>\n<p style=\"text-align: justify;\"><span class=\"Standard\">Taxing each Jew individually according to a fixed schedule could lead to serious hardships for the poor. Occasionally, the authorities would show some leniency. Yochanan (<a class=\"Internet_20_link\" href=\"\/Stuehlingen\/tree.php?t=Y1\"><span class=\"Internet_20_link\"><span class=\"T6\">H\u00f6nlin Y1<\/span><\/span><\/a>), a poor religion teacher, had his tax set originally at 10 fl. When he could not pay that much, it was reduced to 5 fl., and in 1668 he did not have to pay tax at all, \u2018as long as he would not engage in any commercial activity\u2019 <a class=\"Internet_20_link\" href=\"\/Stuehlingen\/doc.php?d=4186\"><span class=\"Internet_20_link\"><span class=\"T6\">[R4186]<\/span><\/span><\/a>. The tax was also forgiven occasionally for poor widows and very old men. But conversely, Jews could be evicted if they became unable to pay their tax. This was the fate of Joseph Gugenheimb, Sandel\u2019s son-in-law, who had to leave St\u00fchlingen in 1739 and move in with his son, who lived elsewhere <a class=\"Internet_20_link\" href=\"\/Stuehlingen\/doc.php?d=1144\"><span class=\"Internet_20_link\"><span class=\"T6\">[R1144]<\/span><\/span><\/a><\/span>.<\/p>\n<p style=\"text-align: justify;\">\u00a0<\/p>\n<p class=\"Footnote\"><span class=\"footnodeNumber\"><a id=\"ftn13\" class=\"Footnote_20_Symbol\" href=\"#body_ftn13\">13<\/a><\/span>Mordstein, <span class=\"T21\">Selbstbewusste Untert\u00e4nigkeit<\/span><span class=\"T23\">, 302;<\/span> Ullmann, <span class=\"T21\">Nachbarschaft und Konkurrenz<\/span>, <span class=\"T23\">107.<\/span><\/p>\n<p class=\"Footnote\"><span class=\"footnodeNumber\"><a id=\"ftn14\" class=\"Footnote_20_Symbol\" href=\"#body_ftn14\">14<\/a><\/span>H\u00f6pfinger, <span class=\"T21\">Die Judengemeinde von Floss<\/span><span class=\"T2\">,<\/span> <span class=\"T23\">53;<\/span> StAA, V<span class=\"T29\">\u00d6<\/span>, lit. 240, Urbarium der V\u00d6, Herschaft H\u00fcrbi, fol. 108r.<\/p>\n<p class=\"Footnote\"><span class=\"footnodeNumber\"><a id=\"ftn15\" class=\"Footnote_20_Symbol\" href=\"#body_ftn15\">15<\/a><\/span>Driedger and Church, \u201cResidential Segregation,\u201d<\/p>\n<p class=\"Footnote\"><span class=\"footnodeNumber\"><a id=\"ftn16\" class=\"Footnote_20_Symbol\" href=\"#body_ftn16\">16<\/a><\/span>Quillian, \u201cPrejudice as a Response,\u201d<\/p>\n","protected":false},"excerpt":{"rendered":"<p>Protection taxes in the early modern period were collected in two different fashions depending on the municipality. Often Jews were responsible individually for paying their family\u2019s tax directly to the tax office (Rentamt). This was the case in St\u00fchlingen; in other jurisdictions, the Jewish community had to pay their taxes collectively. Either the rabbi or [&hellip;]<\/p>\n","protected":false},"author":11,"featured_media":0,"parent":1298,"menu_order":65,"comment_status":"open","ping_status":"closed","template":"new_page.php","meta":{"footnotes":""},"_links":{"self":[{"href":"https:\/\/www.stuehlingen.online\/Book\/index.php?rest_route=\/wp\/v2\/pages\/1358"}],"collection":[{"href":"https:\/\/www.stuehlingen.online\/Book\/index.php?rest_route=\/wp\/v2\/pages"}],"about":[{"href":"https:\/\/www.stuehlingen.online\/Book\/index.php?rest_route=\/wp\/v2\/types\/page"}],"author":[{"embeddable":true,"href":"https:\/\/www.stuehlingen.online\/Book\/index.php?rest_route=\/wp\/v2\/users\/11"}],"replies":[{"embeddable":true,"href":"https:\/\/www.stuehlingen.online\/Book\/index.php?rest_route=%2Fwp%2Fv2%2Fcomments&post=1358"}],"version-history":[{"count":0,"href":"https:\/\/www.stuehlingen.online\/Book\/index.php?rest_route=\/wp\/v2\/pages\/1358\/revisions"}],"up":[{"embeddable":true,"href":"https:\/\/www.stuehlingen.online\/Book\/index.php?rest_route=\/wp\/v2\/pages\/1298"}],"wp:attachment":[{"href":"https:\/\/www.stuehlingen.online\/Book\/index.php?rest_route=%2Fwp%2Fv2%2Fmedia&parent=1358"}],"curies":[{"name":"wp","href":"https:\/\/api.w.org\/{rel}","templated":true}]}}