{"id":1332,"date":"2016-12-23T09:46:14","date_gmt":"2016-12-23T13:46:14","guid":{"rendered":"http:\/\/www.papaworx.com\/Book\/?page_id=1332"},"modified":"2016-12-23T09:46:14","modified_gmt":"2016-12-23T13:46:14","slug":"5-2","status":"publish","type":"page","link":"https:\/\/www.stuehlingen.online\/Book\/?page_id=1332","title":{"rendered":"5-2"},"content":{"rendered":"<p style=\"text-align: justify;\"><span class=\"Standard\">Berthold Rosenthal\u2019s and Hans Brandeck\u2019s transcripts agree practically word-for-word, except that paragraphs 20, 21, and 23 appear in Rosenthal\u2019s, but not in Brandeck\u2019s, version.<span class=\"Footnote_20_Reference\"><span class=\"Footnote_20_anchor\" title=\"Footnote: Rosenthal, Heimatgeschichte der badischen Juden, 75; Brandeck, Geschichte der Stadt, 87.\"><a id=\"body_ftn3\" href=\"#ftn3\">3<\/a><\/span><\/span><\/span><\/p>\n<p style=\"text-align: justify;\"><span class=\"Standard\"><strong>Paragraphs 1, 10, and 13<\/strong> delimit the terms of protection for the next fourteen years: Eight households were permitted to live in six houses they already owned. A household consists of a head, a spouse, children, servants, maids, farmhands, and other dependants. The latter often included elderly parents, unmarried adult children, and probably even unmarried siblings of either head or mistress of the household. Furthermore, the heads of household are also permitted to have their married children live with them. Given the size of families, that could have quickly led to a very crowded house. In principle, the count could permit a young couple to rent, purchase, or build their own home. But such permissions seem to have been granted rarely. No additional Jewish households will be permitted in the county. This restriction seems not to have been observed very strictly.<\/span><\/p>\n<p style=\"text-align: justify;\"><span class=\"Standard\">Formally, St\u00fchlingen\u2019s 1615 letter of protection applied only to the town and village of St\u00fchlingen itself, and that was its major flaw. Scattered around St\u00fchlingen, but mainly along the course of the Wutach River, was a series of villages, at various times under St\u00fchlingen\u2019s control. But during the decline of the house of Lupfen and the messy succession struggles thereafter, much of that control was lost. Already in the late sixteenth century, an extended Jewish family, headed by a Moses (Moschi), lived in Ofteringen, halfway between St\u00fchlingen and Tiengen. They had not been included in the 1615 letter of protection. The same was true for the villages of Eggingen, Untermettingen, Lauchringen, Schwerzen, and Horheim, all places where Jews would be living over the next 140 years. Although the original letter mentioned only the village and town of St\u00fchlingen, subsequent administrations started to manage residency permits and collect taxes from all these Jews in the absence of a firm legal basis. Whereas the number of Jews in the village and town of St\u00fchlingen was fixed by the original letter of protection, this was not the case for Jews living in the various villages and hamlets within \u201cGreater St\u00fchlingen.\u201d<\/span><\/p>\n<p style=\"text-align: justify;\">\u00a0<\/p>\n<p class=\"Footnote\"><span class=\"footnodeNumber\"><a id=\"ftn3\" class=\"Footnote_20_Symbol\" href=\"#body_ftn3\">3<\/a><\/span>\u00a0Rosenthal, <span class=\"T21\">Heimatgeschichte der badischen Juden<\/span>, 75; Brandeck, <span class=\"T21\">Geschichte der Stadt<\/span>, <span class=\"T23\">87.<\/span><\/p>\n","protected":false},"excerpt":{"rendered":"<p>Berthold Rosenthal\u2019s and Hans Brandeck\u2019s transcripts agree practically word-for-word, except that paragraphs 20, 21, and 23 appear in Rosenthal\u2019s, but not in Brandeck\u2019s, version.3 Paragraphs 1, 10, and 13 delimit the terms of protection for the next fourteen years: Eight households were permitted to live in six houses they already owned. A household consists of [&hellip;]<\/p>\n","protected":false},"author":11,"featured_media":0,"parent":1298,"menu_order":62,"comment_status":"open","ping_status":"closed","template":"new_page.php","meta":{"footnotes":""},"_links":{"self":[{"href":"https:\/\/www.stuehlingen.online\/Book\/index.php?rest_route=\/wp\/v2\/pages\/1332"}],"collection":[{"href":"https:\/\/www.stuehlingen.online\/Book\/index.php?rest_route=\/wp\/v2\/pages"}],"about":[{"href":"https:\/\/www.stuehlingen.online\/Book\/index.php?rest_route=\/wp\/v2\/types\/page"}],"author":[{"embeddable":true,"href":"https:\/\/www.stuehlingen.online\/Book\/index.php?rest_route=\/wp\/v2\/users\/11"}],"replies":[{"embeddable":true,"href":"https:\/\/www.stuehlingen.online\/Book\/index.php?rest_route=%2Fwp%2Fv2%2Fcomments&post=1332"}],"version-history":[{"count":0,"href":"https:\/\/www.stuehlingen.online\/Book\/index.php?rest_route=\/wp\/v2\/pages\/1332\/revisions"}],"up":[{"embeddable":true,"href":"https:\/\/www.stuehlingen.online\/Book\/index.php?rest_route=\/wp\/v2\/pages\/1298"}],"wp:attachment":[{"href":"https:\/\/www.stuehlingen.online\/Book\/index.php?rest_route=%2Fwp%2Fv2%2Fmedia&parent=1332"}],"curies":[{"name":"wp","href":"https:\/\/api.w.org\/{rel}","templated":true}]}}