{"id":1283,"date":"2016-12-22T16:57:57","date_gmt":"2016-12-22T20:57:57","guid":{"rendered":"http:\/\/www.papaworx.com\/Book\/?page_id=1283"},"modified":"2017-01-21T09:09:50","modified_gmt":"2017-01-21T13:09:50","slug":"4-7","status":"publish","type":"page","link":"https:\/\/www.stuehlingen.online\/Book\/?page_id=1283","title":{"rendered":"4-7"},"content":{"rendered":"<h1 class=\"Table_20_of_20_Authorities\"><span style=\"font-size: 18pt;\">Bibliography<\/span><\/h1>\n<p class=\"Bibliography_20_1\">Abrahams, Israel. <span class=\"T6\">Jewish Life in the Middle Ages<\/span>. London: MacMillan &amp; Co., 1896.<\/p>\n<p class=\"Bibliography_20_1\">Battenberg, Friedrich J. \u201cAus der Stadt auf das Land? Zur Vertreibung und Neuansiedlung der Juden im Heiligen R\u00f6mischen Reich.\u201d In <span class=\"T6\">J\u00fcdisches Leben auf dem Land<\/span>, 9\u201336. T\u00fcbingen: Mohr Siebeck, 1997.<\/p>\n<p class=\"Bibliography_20_1\"><span class=\"T23\">\u2014\u2014\u2014<\/span>. \u201cVon der Kammerknechtschaft zum Judenregal: Reflexionen zur Rechtsstellung der Judenschaft im Heiligen R\u00f6mischen Reich am Beispiel Johannes Reuchlins.\u201d In <span class=\"T6\">Hofjuden und Landjuden: J\u00fcdisches Leben in der Fr\u00fchen Neuzeit<\/span>, 65\u201390. Berlin: Philo Verlag, 2004.<\/p>\n<p class=\"Bibliography_20_1\">Botticini, Maristellla, and Zvi Eckstein. \u201cJewish Occupational Selection: Education, Restrictions, or Minorities.\u201d <span class=\"T6\">The Journal of Economic History <\/span><span class=\"T2\">65<\/span>\/<span class=\"T2\">4<\/span> (2005): <span class=\"T25\">922\u201348<\/span>.<\/p>\n<p class=\"Bibliography_20_1\">Brandeck, Hans. <span class=\"T6\">Geschichte der Stadt und der vormaligen Landgrafschaft St\u00fchlingen<\/span>. St\u00fchlingen: Verlag der Stadtgemeinde St\u00fchlingen, 1927.<\/p>\n<p class=\"Bibliography_20_1\">Burnett, Stephen G. \u201cThe Regulation of Hebrew Printing in Germany, 1555\u20131630: Confessional Politics and the Limits of Jewish Toleration.\u201d In <span class=\"T6\">Infinite Boundaries: Order, Disorder, and Reorder in Early Modern German Culture<\/span>, ed. Max Reinhart, 329\u201348. Kirksville, MO: Thomas Jefferson University Press, 1998.<\/p>\n<p class=\"Bibliography_20_1\">Butzer, Evi, Nathania H\u00fcttenmeister, and Wolfgang Treue. \u201cIch will euch sagen von einem b\u00f6sen St\u00fcck &#8230;\u201d <span class=\"T6\">Aschkenas: Zeitschrift f\u00fcr Geschichte und Kultur der Juden <\/span><span class=\"T2\">15<\/span>\/<span class=\"T2\">1<\/span> (2005): <span class=\"T25\">25 &#8211; 53<\/span>.<\/p>\n<p class=\"Bibliography_20_1\">Dobozy, Maria, ed. <span class=\"T6\">The Saxon Mirror: A Sachsenspiegel Of The Fourteenth Century<\/span>. Philadelphia: University of Pennsylvania Press, 1999.<\/p>\n<p class=\"Bibliography_20_1\">FFA (F\u00fcrstlich F\u00fcrstenbergisches Archiv). Protokolle Landgericht St\u00fchlingen 1553\u201385. 1570. Princely F\u00fcrstenberg Archives, Donaueschingen.<\/p>\n<p class=\"Bibliography_20_1\">Graetz, Heinrich. <span class=\"T6\">Geschichte der Juden vom Aufbl\u00fchen der j\u00fcdisch-spanischen Cultur (1027) bis Maimuni\u2019s Tod<\/span>. Leipzig: Oskar Leiner, 1894.<\/p>\n<p class=\"Bibliography_20_1\">Halsall, Paul. \u201cMedieval Sourcebook: Twelfth Ecumenical Council: Lateran IV 1215.\u201d Fordham University. 1996. https:\/\/sourcebooks.fordham.edu\/basis\/lateran4.asp.<\/p>\n<p class=\"Bibliography_20_1\">Innes, Matthew. \u201cLand, Freedom and the Making of the Medieval West.\u201d <span class=\"T6\">Transactions of the Royal Historical Society<\/span>, 6<span class=\"T2\">th <\/span>s<span class=\"T2\">er<\/span>.<span class=\"T2\">, 16<\/span> (2006): 39\u201374.<\/p>\n<p class=\"Bibliography_20_1\">Kayserling, Meir. \u201cEin j\u00fcdischer Sch\u00fctze.\u201d <span class=\"T6\">Monatsschrift f\u00fcr Geschichte und Wissenschaft des Judenthums<\/span> 3 (1863): 111\u201312.<\/p>\n<p class=\"Bibliography_20_1\">Kerler, Dietrich. \u201cZur Geschichte der Besteuerung der Juden durch Kaiser Sigmund und K\u00f6nig Albrecht II.\u201d <span class=\"T6\">Zeitschrift f\u00fcr die Geschichte der Juden in Deutschland <\/span><span class=\"T2\">3<\/span> (1889): 1\u201313, 107\u201329.<\/p>\n<p class=\"Bibliography_20_1\">Kieser, Alfred. \u201cOrganizational, Institutional, and Societal Evolution: Medieval Craft Guilds and the Genesis of Formal Organisations.\u201d <span class=\"T6\">Administrative Science Quarterly <\/span><span class=\"T2\">34<\/span> (1980): 540\u201364.<\/p>\n<p class=\"Bibliography_20_1\">Petri, Dieter. &#8220;Die Tiengener Juden.&#8221; Constance: Arbeitskreises f\u00fcr Regionalgeschichte e.V. , 1982.<\/p>\n<p class=\"Bibliography_20_1\">Postan, Michael Moissey. <span class=\"T6\">Essays on Medieval Agriculture and General Problems of the Medieval Economy<\/span>. London &amp; Cambridge: Cambridge University Press, 1973.<\/p>\n<p class=\"Bibliography_20_1\">Rauscher, Peter, and Barbara Staudinger. \u201cWiderspenstige Kammerknechte: Die kaiserlichen Massnahmen zur Erhebung von \u2018Kronsteuer\u2019 und \u2018Goldenem Opferpfennig\u2019 in der Fr\u00fchen Neuzeit.\u201d <span class=\"T6\">Aschkenas: Zeitschrift f\u00fcr Geschichte und Kultur der Juden <\/span><span class=\"T2\">14<\/span>\/<span class=\"T2\">2<\/span> (2004): 313\u201363.<\/p>\n<p class=\"Bibliography_20_1\">Rosenthal, Berthold. <span class=\"T6\">Heimatgeschichte der badischen Juden: Seit ihrem geschichtlichen Auftreten bis zur Gegenwart<\/span>. B\u00fchl\/Baden: Konkordia AG f\u00fcr Druck und Verlag, 1927.<\/p>\n<p class=\"Bibliography_20_1\">Samuel Pletscher Collection. Gemeindearchiv Schleitheim, Switzerland.<\/p>\n<p class=\"Bibliography_20_1\">Schneidm\u00fcller, Bernd. \u201cEine Pfalzstadt in der Krise: Frankfurt am Main im Jahr 1241.\u201d In <span class=\"T6\">\u201cUnd gro\u00df war bei der Tochter Jehudas Jammer und Klage &#8230;\u201d: Die Ermordung der Frankfurter Juden im Jahre 1241<\/span>, 15\u201356. Sigmaringen: Schriftenreihe des J\u00fcdischen Museums Frankfurt am Main, 1995.<\/p>\n<p class=\"Bibliography_20_1\">Sidorko, Clemens P. \u201cEliezer ben Naphtali Herz Treves als Pionier des j\u00fcdischen Buchdrucks in Z\u00fcrich, Tiengen und Basel um 1560.\u201d <span class=\"T6\">Aschkenaz <\/span><span class=\"T2\">17<\/span>\/<span class=\"T2\">2<\/span> (2010): 457\u201372.<\/p>\n<p class=\"Bibliography_20_1\">Wiener, Meir ben David ha-Kohen. \u201cZur Errichtung der hebr. Druckerei in Thiengen (in Schwaben).\u201d Monatsschrift f\u00fcr Geschichte und Wissenschaft des Judenthums, 7 (1863): 273\u20136.<\/p>\n<p class=\"Bibliography_20_1\">\u00a0<\/p>\n","protected":false},"excerpt":{"rendered":"<p>Bibliography Abrahams, Israel. Jewish Life in the Middle Ages. London: MacMillan &amp; Co., 1896. Battenberg, Friedrich J. \u201cAus der Stadt auf das Land? Zur Vertreibung und Neuansiedlung der Juden im Heiligen R\u00f6mischen Reich.\u201d In J\u00fcdisches Leben auf dem Land, 9\u201336. T\u00fcbingen: Mohr Siebeck, 1997. \u2014\u2014\u2014. \u201cVon der Kammerknechtschaft zum Judenregal: Reflexionen zur Rechtsstellung der Judenschaft [&hellip;]<\/p>\n","protected":false},"author":11,"featured_media":0,"parent":1244,"menu_order":57,"comment_status":"open","ping_status":"closed","template":"new_page.php","meta":{"footnotes":""},"_links":{"self":[{"href":"https:\/\/www.stuehlingen.online\/Book\/index.php?rest_route=\/wp\/v2\/pages\/1283"}],"collection":[{"href":"https:\/\/www.stuehlingen.online\/Book\/index.php?rest_route=\/wp\/v2\/pages"}],"about":[{"href":"https:\/\/www.stuehlingen.online\/Book\/index.php?rest_route=\/wp\/v2\/types\/page"}],"author":[{"embeddable":true,"href":"https:\/\/www.stuehlingen.online\/Book\/index.php?rest_route=\/wp\/v2\/users\/11"}],"replies":[{"embeddable":true,"href":"https:\/\/www.stuehlingen.online\/Book\/index.php?rest_route=%2Fwp%2Fv2%2Fcomments&post=1283"}],"version-history":[{"count":0,"href":"https:\/\/www.stuehlingen.online\/Book\/index.php?rest_route=\/wp\/v2\/pages\/1283\/revisions"}],"up":[{"embeddable":true,"href":"https:\/\/www.stuehlingen.online\/Book\/index.php?rest_route=\/wp\/v2\/pages\/1244"}],"wp:attachment":[{"href":"https:\/\/www.stuehlingen.online\/Book\/index.php?rest_route=%2Fwp%2Fv2%2Fmedia&parent=1283"}],"curies":[{"name":"wp","href":"https:\/\/api.w.org\/{rel}","templated":true}]}}