{"id":1199,"date":"2016-12-21T21:15:59","date_gmt":"2016-12-22T01:15:59","guid":{"rendered":"http:\/\/www.papaworx.com\/Book\/?page_id=1199"},"modified":"2016-12-21T21:15:59","modified_gmt":"2016-12-22T01:15:59","slug":"3-4","status":"publish","type":"page","link":"https:\/\/www.stuehlingen.online\/Book\/?page_id=1199","title":{"rendered":"3-4"},"content":{"rendered":"<h1 class=\"Table_20_of_20_Authorities\"><span style=\"font-size: 18pt;\">Bibliography<\/span><\/h1>\n<p class=\"Bibliography_20_1\">Amrein, Marcel. \u201cAargauer \u2018Judend\u00f6rfer\u2019: Schtetl im Dornr\u00f6schenschlaf.\u201d Neue Z\u00fcrcher Zeitung, December 21, 2013, 15.<\/p>\n<p class=\"Bibliography_20_1\">Brandeck, Hans. Geschichte der Stadt und der vormaligen Landgrafschaft St\u00fchlingen. St\u00fchlingen: Verlag der Stadtgemeinde St\u00fchlingen, 1927.<\/p>\n<p class=\"Bibliography_20_1\">Burmeister, Karl Heinz. \u201cDie j\u00fcdische Landgemeinde in Rheineck im 17. Jahrhundert.\u201d In Landjudentum im S\u00fcddeutschen:Und Bodenseeraum Wissenschaftliche Tagung zur Er\u00f6ffnung des J\u00fcdischen Museums Hohenems vom 9. &#8211; 11. April 1991, 22\u201337. Dornbirn: Vorarlberger Verlagsanstalt, 1992.<\/p>\n<p class=\"Bibliography_20_1\">Graf, Ottokar, and Elmar Z\u00f6hren. \u201cJ\u00fcdische Vergangenheit in Worblingen.\u201d <span class=\"T15\">http:\/\/www.pasma.de\/BMVW\/berichte\/judenworbl.htm<\/span><\/p>\n<p class=\"Bibliography_20_1\">Guggenheim-Gr\u00fcnberg, Florence. \u201cDie \u00e4ltesten j\u00fcdischen Familien in Lengnau und Endingen.\u201d Beitr\u00e4ge zur Geschichte und Volkskunde der Juden in der Schweiz <span class=\"T2\">6<\/span> (1956).<\/p>\n<p class=\"Bibliography_20_1\"><span class=\"T26\">\u2014\u2014\u2014<\/span><span class=\"T25\">. \u201cDie Juden auf der Zurzacher Messe im 18. <\/span>Jahrhundert.\u201d Beitr\u00e4ge zur Geschichte und Volkskunde der Juden in der Schweiz <span class=\"T2\">6<\/span> (1957).<\/p>\n<p class=\"Bibliography_20_1\"><span class=\"T24\">\u2014\u2014\u2014<\/span>. Gailinger Jiddisch. G\u00f6ttingen: Vandenhoeck &amp; Ruprecht, 1961.<\/p>\n<p class=\"Bibliography_20_1\"><span class=\"T24\">\u2014\u2014\u2014<\/span>. W\u00f6rterbuch zu surbtaler Jiddisch:Die Ausdr\u00fccke hebr\u00e4isch-aram\u00e4ischen und romanischen Ursprungs:Einige bemerkenswerte Ausdr\u00fccke deutschen Ursprungs: Anhang, H\u00e4ufigkeit und Arten der W\u00f6rter hebr\u00e4isch-aram\u00e4ischen Ursprungs. Zurich: Juris Verlag, 1976.<\/p>\n<p class=\"Bibliography_20_1\">Haller, Ernst. Die rechtliche Stellung der Juden im Kanton Aargau. Aargau: H.R. Sauerl\u00e4nder &amp; Co., 1901.<\/p>\n<p class=\"Bibliography_20_1\">H\u00e4usler, Gustav. St\u00fchlingen: Vergangenheit und Gegenwart. St\u00fchlingen: Selbstverlag der Stadt St\u00fchlingen, 1966.<\/p>\n<p class=\"Bibliography_20_1\">Hundsnurscher, Franz, and Gerhard Taddey. Die j\u00fcdischen Gemeinden in Baden. Stuttgart: W. Kohlhammer Verlag, 1968.<\/p>\n<p class=\"Bibliography_20_1\">Kopialbuch des Klosters St. Blasien. Landesarchiv Baden-W\u00fcrttemberg, Karlsruhe. Staatsarchiv Baden W\u00fcrttember, Generallandesarchiv Karlsruhe. Accessed November 19, 2016. <span class=\"T27\">http:\/\/www.landesarchiv-bw.de\/plink\/?f=4-14158<\/span>.<\/p>\n<p class=\"Bibliography_20_1\">L\u00f6wenstein, Leopold. Geschichte der Juden am Bodensee und Umgebung. Constance: printed by author, 1879.<\/p>\n<p class=\"Bibliography_20_1\">Moos, Samuel (Semi). Geschichte der Juden im Hegaudorf Randegg. Singen: Hegau Geschichtsverein, 1986.<\/p>\n<p class=\"Bibliography_20_1\">Roming, Gisela. \u201cGeschichte der j\u00fcdischen Gemeinde Gailingen.\u201d In Gailingen: Geschichte einer Hochrhein-Gemeinde, 291\u2013380. Singen: Hegau-Geschichtsverein, 2004.<\/p>\n<p class=\"Bibliography_20_1\">Rosenthal, Berthold. Heimatgeschichte der badischen Juden: Seit ihrem geschichtlichen Auftreten bis zur Gegenwart. B\u00fchl\/Baden: Konkordia AG f\u00fcr Druck und Verlag, 1927.<\/p>\n<p class=\"Bibliography_20_1\">Sidorko, Clemens P. \u201cEliezer ben Naphtali Herz Treves als Pionier des j\u00fcdischen Buchdrucks in Z\u00fcrich, Tiengen und Basel um 1560.\u201d Aschkenaz<span class=\"T2\">17<\/span>\/<span class=\"T2\">2<\/span> (2010): 457\u201372.<\/p>\n<p class=\"Bibliography_20_1\">SSRQ (Sammlung Schweizerischer Rechtsquellen Online). Rechtsquellen des Schweizerischen Juristenvereins. 2010. https:\/\/www.ssrq-sds-fds.ch\/online\/.<\/p>\n<p class=\"Bibliography_20_1\">T\u00e4nzer, Aron. Geschichte der Juden in Tirol und Voralberg: Geschichte der Juden in Hohenems. Meran: F. W. Elmenreich, 1905.<\/p>\n<p class=\"Bibliography_20_1\">Ulrichs, Johann Caspar. Sammlung j\u00fcdischer Geschichten. Z\u00fcrich: <span class=\"itemPublisher\">Verlag Johannes Hofmeister an der Rosengatz, 1770<\/span>, 1768.<\/p>\n<p class=\"Bibliography_20_1\">Weiss, Carl Theodor. Das Els\u00e4sser Judendeutsch. Strasbourg: Historisch-literarischer Zweigverein des Vogesen-Clubs, 1896.<\/p>\n<p class=\"Bibliography_20_1\">Weldler-Steinberg, Augusta, and Florence Guggenheim-Gr\u00fcnberg. Geschichte der Juden in der Schweiz, vom 16. Jahrhundert bis nach der Emanzipation. Goldach: Schweizerischer israelitischer Gemeindebund, 1966.<\/p>\n","protected":false},"excerpt":{"rendered":"<p>Bibliography Amrein, Marcel. \u201cAargauer \u2018Judend\u00f6rfer\u2019: Schtetl im Dornr\u00f6schenschlaf.\u201d Neue Z\u00fcrcher Zeitung, December 21, 2013, 15. Brandeck, Hans. Geschichte der Stadt und der vormaligen Landgrafschaft St\u00fchlingen. St\u00fchlingen: Verlag der Stadtgemeinde St\u00fchlingen, 1927. Burmeister, Karl Heinz. \u201cDie j\u00fcdische Landgemeinde in Rheineck im 17. Jahrhundert.\u201d In Landjudentum im S\u00fcddeutschen:Und Bodenseeraum Wissenschaftliche Tagung zur Er\u00f6ffnung des J\u00fcdischen Museums Hohenems [&hellip;]<\/p>\n","protected":false},"author":11,"featured_media":0,"parent":1160,"menu_order":44,"comment_status":"open","ping_status":"closed","template":"new_page.php","meta":{"footnotes":""},"_links":{"self":[{"href":"https:\/\/www.stuehlingen.online\/Book\/index.php?rest_route=\/wp\/v2\/pages\/1199"}],"collection":[{"href":"https:\/\/www.stuehlingen.online\/Book\/index.php?rest_route=\/wp\/v2\/pages"}],"about":[{"href":"https:\/\/www.stuehlingen.online\/Book\/index.php?rest_route=\/wp\/v2\/types\/page"}],"author":[{"embeddable":true,"href":"https:\/\/www.stuehlingen.online\/Book\/index.php?rest_route=\/wp\/v2\/users\/11"}],"replies":[{"embeddable":true,"href":"https:\/\/www.stuehlingen.online\/Book\/index.php?rest_route=%2Fwp%2Fv2%2Fcomments&post=1199"}],"version-history":[{"count":0,"href":"https:\/\/www.stuehlingen.online\/Book\/index.php?rest_route=\/wp\/v2\/pages\/1199\/revisions"}],"up":[{"embeddable":true,"href":"https:\/\/www.stuehlingen.online\/Book\/index.php?rest_route=\/wp\/v2\/pages\/1160"}],"wp:attachment":[{"href":"https:\/\/www.stuehlingen.online\/Book\/index.php?rest_route=%2Fwp%2Fv2%2Fmedia&parent=1199"}],"curies":[{"name":"wp","href":"https:\/\/api.w.org\/{rel}","templated":true}]}}