{"id":1190,"date":"2016-12-21T21:01:58","date_gmt":"2016-12-22T01:01:58","guid":{"rendered":"http:\/\/www.papaworx.com\/Book\/?page_id=1190"},"modified":"2016-12-21T21:01:58","modified_gmt":"2016-12-22T01:01:58","slug":"3-3","status":"publish","type":"page","link":"https:\/\/www.stuehlingen.online\/Book\/?page_id=1190","title":{"rendered":"3-3"},"content":{"rendered":"<p style=\"text-align: justify;\"><span class=\"Standard\">The first reported letter of protection was dated July 23, 1658<span class=\"Footnote_20_Reference\"><span class=\"Footnote_20_anchor\" title=\"Footnote: Ulrichs, Sammlung j\u00fcdischer Geschichten, 271.\"><a id=\"body_ftn22\" href=\"#ftn22\">22<\/a><\/span><\/span> and makes reference to a similar document of the previous year. Subsequent letters followed in 1678, 1702, 1728, 1731, and 1760.<span class=\"Footnote_20_Reference\"><span class=\"Footnote_20_anchor\" title=\"Footnote: Ulrichs, Sammlung j\u00fcdischer Geschichten, 274; Haller, Die rechtliche Stellung, 16; Weldler-Steinberg and Guggenheim-Gr\u00fcnberg, Geschichte der Juden in der Schweiz, 31.\"><a id=\"body_ftn23\" href=\"#ftn23\">23<\/a><\/span><\/span> In contrast to the German Schutzbrief (protection letter), the Swiss variety was called Schirmbrief. None of these ever found entry into the official collection of Swiss laws (Sammlung schweizerischer Rechtsquellen). The first official laws sanctioning the Jewish presence in the county of Baden were not passed until 1785.<span class=\"Footnote_20_Reference\"><span class=\"Footnote_20_anchor\" title=\"Footnote: SSRQ, \/AG\/II\/9\/190.\"><a id=\"body_ftn24\" href=\"#ftn24\">24<\/a><\/span><\/span><\/span><\/p>\n<p style=\"text-align: justify;\"><span class=\"Standard\">These letters of protection were quite restrictive, but they do not seem to have been applied very strictly. Jews did not have the right to own houses; they had to rent apartments from Christian owners, yet they were not allowed to live together with Christians. This resulted in a very particular house style, whereby houses owned by Christians had separate entrances for Jewish tenants.<span class=\"Footnote_20_Reference\"><span class=\"Footnote_20_anchor\" title=\"Footnote: Amrein, \u201cAargauer \u2018Judend\u00f6rfer,\u2019\u201d 000. &lt;pg #?&gt;\"><a id=\"body_ftn25\" href=\"#ftn25\">25<\/a><\/span><\/span><\/span><\/p>\n<p style=\"text-align: justify;\"><span class=\"Standard\">Descendants of Lengnau Jews were automatically protected, but no outside Jews were supposed to settle there. Nevertheless, by 1678 Lengnau had run out of rentable space, and the Jews were allowed to expand into Endingen. We do know from St\u00fchlingen sources that Jews had moved from St\u00fchlingen to Lengnau <a class=\"Internet_20_link\" href=\"\/Stuehlingen\/doc.php?d=1889\"><span class=\"Internet_20_link\">[R1889]<\/span><\/a>, and later to Endingen; however, it is possible that these were St\u00fchlingen sons who married Lengnau and Endingen daughters. <\/span><\/p>\n<p style=\"text-align: justify;\"><span class=\"Standard\">Transient Jewish settlements in the seventeenth century were also reported in other villages and towns south of the Rhine, such as Diessenhofen near Gailingen, Steckborn and Mammern on the shore of Lake Constance, and Rheineck in the Rhine estuary of Lake Constance.<span class=\"Footnote_20_Reference\"><span class=\"Footnote_20_anchor\" title=\"Footnote: Ulrichs, Sammlung j\u00fcdischer Geschichten, 247, 257, 252, 258; Burmeister, \u201cDie j\u00fcdische Landgemeinde in Rheineck.\u201d\"><a id=\"body_ftn26\" href=\"#ftn26\">26<\/a><\/span><\/span><\/span><\/p>\n<p style=\"text-align: justify;\"><span class=\"Standard\">Besides moving within this tight regional network of Jewish communities and settlements, the Jews of St\u00fchlingen also maintained regular contact with communities in the Alsace, Breisgau, and Bavarian Swabia. Not only were they linked by close family ties, but they also shared a common idiom \u2013 southwest-Yiddish. Distinct from the Yiddish of Eastern Europe, it too had its roots in the proto-Yiddish of fifteenth-century Rhineland-Palatinate but was moulded by the regional Alemannic dialect.<span class=\"Footnote_20_Reference\"><span class=\"Footnote_20_anchor\" title=\"Footnote: Weldler-Steinberg and Guggenheim-Gr\u00fcnberg, Geschichte der Juden in der Schweiz, 32; Guggenheim-Gr\u00fcnberg, W\u00f6rterbuch zu surbtaler Jiddisch; Guggenheim-Gr\u00fcnberg, Gailinger Jiddisch; Weiss, Das Els\u00e4sser Judendeutsch.\"><a id=\"body_ftn27\" href=\"#ftn27\">27<\/a><\/span><\/span><\/span><\/p>\n<p style=\"text-align: justify;\">\u00a0<\/p>\n<p class=\"Footnote\"><span class=\"footnodeNumber\"><a id=\"ftn22\" class=\"Footnote_20_Symbol\" href=\"#body_ftn22\">22<\/a><\/span>Ulrichs, &#8220;Sammlung j\u00fcdischer Geschichten&#8221;, 271.<\/p>\n<p class=\"Footnote\"><span class=\"footnodeNumber\"><a id=\"ftn23\" class=\"Footnote_20_Symbol\" href=\"#body_ftn23\">23<\/a><\/span>Ulrichs, &#8220;Sammlung j\u00fcdischer Geschichten&#8221;, 274; Haller, &#8220;Die rechtliche Stellung,&#8221; 16; Weldler-Steinberg and Guggenheim-Gr\u00fcnberg, &#8220;Geschichte der Juden in der Schweiz&#8221;, 31.<\/p>\n<p class=\"Footnote\"><span class=\"footnodeNumber\"><a id=\"ftn24\" class=\"Footnote_20_Symbol\" href=\"#body_ftn24\">24<\/a><\/span>SSRQ, <span class=\"T20\">\/AG\/II\/9\/190.<\/span><\/p>\n<p class=\"Footnote\"><span class=\"footnodeNumber\"><a id=\"ftn25\" class=\"Footnote_20_Symbol\" href=\"#body_ftn25\">25<\/a><\/span>Amrein, \u201cAargauer \u2018Judend\u00f6rfer,\u2019\u201d<\/p>\n<p class=\"Footnote\"><span class=\"footnodeNumber\"><a id=\"ftn26\" class=\"Footnote_20_Symbol\" href=\"#body_ftn26\">26<\/a><\/span>Ulrichs, &#8220;Sammlung j\u00fcdischer Geschichten&#8221;, 247, 257, 252, 258; Burmeister, \u201cDie j\u00fcdische Landgemeinde in Rheineck.\u201d<\/p>\n<p class=\"Footnote\"><span class=\"footnodeNumber\"><a id=\"ftn27\" class=\"Footnote_20_Symbol\" href=\"#body_ftn27\">27<\/a><\/span>Weldler-Steinberg and Guggenheim-Gr\u00fcnberg, &#8220;Geschichte der Juden in der Schweiz&#8221;, 32; Guggenheim-Gr\u00fcnberg, &#8220;W\u00f6rterbuch zu surbtaler Jiddisch&#8221;; Guggenheim-Gr\u00fcnberg, &#8220;Gailinger Jiddisch&#8221;; Weiss, &#8220;Das Els\u00e4sser Judendeutsch.&#8221;<\/p>\n","protected":false},"excerpt":{"rendered":"<p>The first reported letter of protection was dated July 23, 165822 and makes reference to a similar document of the previous year. Subsequent letters followed in 1678, 1702, 1728, 1731, and 1760.23 In contrast to the German Schutzbrief (protection letter), the Swiss variety was called Schirmbrief. None of these ever found entry into the official [&hellip;]<\/p>\n","protected":false},"author":11,"featured_media":0,"parent":1160,"menu_order":43,"comment_status":"open","ping_status":"closed","template":"new_page.php","meta":{"footnotes":""},"_links":{"self":[{"href":"https:\/\/www.stuehlingen.online\/Book\/index.php?rest_route=\/wp\/v2\/pages\/1190"}],"collection":[{"href":"https:\/\/www.stuehlingen.online\/Book\/index.php?rest_route=\/wp\/v2\/pages"}],"about":[{"href":"https:\/\/www.stuehlingen.online\/Book\/index.php?rest_route=\/wp\/v2\/types\/page"}],"author":[{"embeddable":true,"href":"https:\/\/www.stuehlingen.online\/Book\/index.php?rest_route=\/wp\/v2\/users\/11"}],"replies":[{"embeddable":true,"href":"https:\/\/www.stuehlingen.online\/Book\/index.php?rest_route=%2Fwp%2Fv2%2Fcomments&post=1190"}],"version-history":[{"count":0,"href":"https:\/\/www.stuehlingen.online\/Book\/index.php?rest_route=\/wp\/v2\/pages\/1190\/revisions"}],"up":[{"embeddable":true,"href":"https:\/\/www.stuehlingen.online\/Book\/index.php?rest_route=\/wp\/v2\/pages\/1160"}],"wp:attachment":[{"href":"https:\/\/www.stuehlingen.online\/Book\/index.php?rest_route=%2Fwp%2Fv2%2Fmedia&parent=1190"}],"curies":[{"name":"wp","href":"https:\/\/api.w.org\/{rel}","templated":true}]}}