{"id":1013,"date":"2016-12-20T21:26:53","date_gmt":"2016-12-21T01:26:53","guid":{"rendered":"http:\/\/www.papaworx.com\/Book\/?page_id=1013"},"modified":"2016-12-20T21:26:53","modified_gmt":"2016-12-21T01:26:53","slug":"1-7","status":"publish","type":"page","link":"https:\/\/www.stuehlingen.online\/Book\/?page_id=1013","title":{"rendered":"1-7"},"content":{"rendered":"<h1 class=\"Table_20_of_20_Authorities\"><span style=\"font-size: 18pt;\">Bibliography<\/span><\/h1>\n<p><!--Next 'div' was a 'text:section'.--><\/p>\n<div id=\"Section1\" class=\"Sect1\">\n<p class=\"Bibliography_20_1\">Bell, Dean Phillip. <span class=\"T20\">Jewish Identity in Early Modern Germany:Memory, Power and Community<\/span>. Aldershot: Ashgate, 2007.<\/p>\n<p class=\"Bibliography_20_1\">Brandeck, Hans. <span class=\"T20\">Geschichte der Stadt und der vormaligen Landgrafschaft St\u00fchlingen<\/span>. St\u00fchlingen: Verlag der Stadtgemeinde St\u00fchlingen, 1927.<\/p>\n<p class=\"Bibliography_20_1\">Derman, Joshua. \u201cConstructing a German-Jewish <span class=\"T20\">Heimat<\/span>: Berthold Rosenthal\u2019s <span class=\"T20\">Heimat<\/span> History of the Jews of Baden.\u201d Florence: European University Institute, Max Weber Programme, 2010.<\/p>\n<p class=\"Bibliography_20_1\">FFA (F\u00fcrstlich F\u00fcrstenbergisches Archiv). Judenakte. Politica. PrincelyF\u00fcrstenberg Archives, Donaueschingen.<\/p>\n<p class=\"Bibliography_20_1\">Frank, Werner L., and Peter Stein. \u201cDigging for the Copper-Guggenheim\u2019s Origin.\u201d <span class=\"T20\">Stammbaum: Journal of German-Jewish Genealogical Research <\/span><span class=\"T2\">29<\/span> (2006): 4\u201313.<\/p>\n<p class=\"Bibliography_20_1\"><span class=\"T20\">Gesetz zur Wiederherstellung des Berufsbeamtentums v. 7. April 1933 (RGBl. I S. 175) mit den Ausf\u00fchrungsbestimmungen und den einschl\u00e4gigen Ruhegehaltsvorschriften des Reichs und Preu\u00dfens<\/span>. Berlin: Vahlen, 1933.<\/p>\n<p class=\"Bibliography_20_1\">Gilomen, Hans-J\u00f6rg. \u201cSp\u00e4tmittelalterliche Siedlungssegregation und Ghettoisierung, insbesondere im Gebiet der heutigen Schweiz.\u201d In <span class=\"T20\">Stadt- und Landmauern, 3: Abgrenzungen, Ausgrenzungen in der Stadt und um die Stadt<\/span>, <span class=\"T38\">p.7.<\/span> Z\u00fcrich: Hochschulverlag an der ETH, 1999.<\/p>\n<p class=\"Bibliography_20_1\">H\u00e4usler, Gustav. <span class=\"T20\">St\u00fchlingen:Vergangenheit und Gegenwart<\/span>. St\u00fchlingen: Selbstverlag der Stadt St\u00fchlingen, 1966.<\/p>\n<p class=\"Bibliography_20_1\">Hurter, Johannes Georgius. Letter to Jean Buxdorf Jr., March 7, 1659. MS G I 63, fol. 130.University Library Basel.<\/p>\n<p class=\"Bibliography_20_1\">Kaufmann, David. \u201cZur Geschichte der Familie Dreyfuss.\u201d <span class=\"T20\">Monatsschrift f\u00fcr Geschichte und Wissenschaft des Judenthums<\/span> 9 (1898): 424\u20139.<\/p>\n<p class=\"Bibliography_20_1\">Klausner, Yehuda. \u201cEuropean Rabbis throughout the Generations.\u201d <span class=\"T20\">Sharsheret Hadorot: Journal of the Jewish Genealogical Society<\/span> 15\/3 (June 2001): <span class=\"T38\">13 &#8211; 19<\/span>.<\/p>\n<p class=\"Bibliography_20_1\">L\u00f6wenstein, Leopold. <span class=\"T20\">Nathanael Weil, Oberlandrabbiner in Karlsruhe und seine Familie<\/span>. Frankfurt: J. Kauffmann, 1898.<\/p>\n<p class=\"Bibliography_20_1\">Marti-Weissenbach, Karin. \u201cSamuel Pletscher.\u201d In <span class=\"T20\">Historisches Lexikon der Schweiz.<\/span> October 8, 2008. http:\/\/www.hls-dhs-dss.ch\/textes\/d\/D28259.php.<\/p>\n<p class=\"Bibliography_20_1\">Merzbacher, Abraham, and Raphael N. N. Rabbinovicz. <span class=\"T20\">Ohel Avraham<\/span>. Munich: A. Huber, 1888.<\/p>\n<p class=\"Bibliography_20_1\">Samuel Pletscher Collection. Gemeindearchiv Schleitheim, Switzerland.<\/p>\n<p class=\"Bibliography_20_1\">Rosenthal, Berthold. Berthold Rosenthal Collection. Reel 4. Leo Baeck Institute, New York &amp; Berlin. n.d. https:\/\/archive.org\/stream\/lbi_brc_mf484_reel04.<\/p>\n<p class=\"Bibliography_20_1\"><span class=\"T18\">\u2014\u2014\u2014<\/span>. Berthold Rosenthal Collection. Reel 13. Leo Baeck Institute, New York &amp; Berlin. n.d. https:\/\/archive.org\/stream\/lbi_brc_mf484_reel13.<\/p>\n<p class=\"Bibliography_20_1\"><span class=\"T18\"> \u2014\u2014<\/span>. \u201cGuide to the Papers of Berthold Rosenthal.\u201d Reel 13, Frames 689\u201390. Leo Baeck Institute, New York &amp; Berlin. 2004.<\/p>\n<p class=\"Bibliography_20_1\"><span class=\"T18\">\u2014\u2014\u2014<\/span>. <span class=\"T20\">Heimatgeschichte der badischen Juden: Seit ihrem geschichtlichen Auftreten bis zur Gegenwart<\/span>. B\u00fchl\/Baden: Konkordia AG f\u00fcr Druck und Verlag, 1927.<\/p>\n<p class=\"Bibliography_20_1\"><span class=\"T18\">\u2014\u2014\u2014<\/span>. \u201cLBI, Guide to the Papers of Berthold Rosenthal: Biographical Note.\u201d <span class=\"T2\">Leo Baeck Institute<\/span>, New York &amp;Berlin. 2004.&lt;online or print source?&gt;<\/p>\n<p class=\"Bibliography_20_1\">Salsitz, Norman, and Stanley Kaish. <span class=\"T20\">Three Homelands:Memories of a Jewish Life in Poland, Israel, and America<\/span>. New York: Syracuse University Press, 2002.<\/p>\n<p class=\"Bibliography_20_1\">Stein, Peter. \u201cDie Juden zu St\u00fchlingen und ihre Nachkommen.\u201d <span class=\"T20\">Maajan<\/span> (<span class=\"T20\">Die Quelle<\/span><span class=\"T31\">)<\/span> 4 <span class=\"T31\">(<\/span>1999<span class=\"T31\">):<\/span> <span class=\"T33\">1507-1513<\/span><span class=\"T31\">.<\/span><\/p>\n<p class=\"Bibliography_20_1\"><span class=\"T18\">\u2014\u2014\u2014<\/span>. \u201cDie Juden zu St\u00fchlingen und ihre Nachkommen, 2: Folge und Schluss.\u201d <span class=\"T20\">Maajan<\/span> (<span class=\"T20\">Die Quelle<\/span>) 1 (2000): <span class=\"T39\">1555-1561<\/span>.<\/p>\n<p class=\"Bibliography_20_1\"><span class=\"T18\">\u2014\u2014\u2014<\/span>. \u201cDie Juden zu St\u00fchlingen und ihre Nachkommen: Nachtrag.\u201d <span class=\"T20\">Maajan<\/span> (<span class=\"T20\">Die Quelle<\/span>) 2 (2000): <span class=\"T39\">1593-1594<\/span>.<\/p>\n<p class=\"Bibliography_20_1\">Weil, Nesanel, Rabbi. <span class=\"T20\">Korban Nesanel<\/span>. Accessed November 19, 2016. http:\/\/torahandscience.blogspot.com\/2006\/04\/korban-nesanel.html.<\/p>\n<\/div>\n","protected":false},"excerpt":{"rendered":"<p>Bibliography Bell, Dean Phillip. Jewish Identity in Early Modern Germany:Memory, Power and Community. Aldershot: Ashgate, 2007. Brandeck, Hans. Geschichte der Stadt und der vormaligen Landgrafschaft St\u00fchlingen. St\u00fchlingen: Verlag der Stadtgemeinde St\u00fchlingen, 1927. Derman, Joshua. \u201cConstructing a German-Jewish Heimat: Berthold Rosenthal\u2019s Heimat History of the Jews of Baden.\u201d Florence: European University Institute, Max Weber Programme, 2010. [&hellip;]<\/p>\n","protected":false},"author":11,"featured_media":0,"parent":23,"menu_order":9,"comment_status":"closed","ping_status":"closed","template":"new_page.php","meta":{"footnotes":""},"_links":{"self":[{"href":"https:\/\/www.stuehlingen.online\/Book\/index.php?rest_route=\/wp\/v2\/pages\/1013"}],"collection":[{"href":"https:\/\/www.stuehlingen.online\/Book\/index.php?rest_route=\/wp\/v2\/pages"}],"about":[{"href":"https:\/\/www.stuehlingen.online\/Book\/index.php?rest_route=\/wp\/v2\/types\/page"}],"author":[{"embeddable":true,"href":"https:\/\/www.stuehlingen.online\/Book\/index.php?rest_route=\/wp\/v2\/users\/11"}],"replies":[{"embeddable":true,"href":"https:\/\/www.stuehlingen.online\/Book\/index.php?rest_route=%2Fwp%2Fv2%2Fcomments&post=1013"}],"version-history":[{"count":0,"href":"https:\/\/www.stuehlingen.online\/Book\/index.php?rest_route=\/wp\/v2\/pages\/1013\/revisions"}],"up":[{"embeddable":true,"href":"https:\/\/www.stuehlingen.online\/Book\/index.php?rest_route=\/wp\/v2\/pages\/23"}],"wp:attachment":[{"href":"https:\/\/www.stuehlingen.online\/Book\/index.php?rest_route=%2Fwp%2Fv2%2Fmedia&parent=1013"}],"curies":[{"name":"wp","href":"https:\/\/api.w.org\/{rel}","templated":true}]}}